{"id":1266,"date":"2023-08-24T14:22:08","date_gmt":"2023-08-24T12:22:08","guid":{"rendered":"https:\/\/assessoria13.com\/certificat-digital\/"},"modified":"2023-12-07T15:53:31","modified_gmt":"2023-12-07T13:53:31","slug":"certificat-digital","status":"publish","type":"page","link":"https:\/\/assessoria13.com\/ca\/certificat-digital\/","title":{"rendered":"CERTIFICAT DIGITAL"},"content":{"rendered":"\n<div id=\"wp-block-themeisle-blocks-advanced-columns-8f423455\" class=\"wp-block-themeisle-blocks-advanced-columns has-3-columns has-desktop-equal-layout has-tablet-equal-layout has-mobile-collapsedRows-layout has-vertical-unset animated bounce delay-1s\"><div class=\"wp-block-themeisle-blocks-advanced-columns-overlay\"><\/div><div class=\"innerblocks-wrap\">\n<div id=\"wp-block-themeisle-blocks-advanced-column-e3424046\" class=\"wp-block-themeisle-blocks-advanced-column\"><\/div>\n\n\n\n<div id=\"wp-block-themeisle-blocks-advanced-column-2600455d\" class=\"wp-block-themeisle-blocks-advanced-column\"><div class=\"wp-block-image\">\n<figure class=\"aligncenter size-full is-resized\"><img decoding=\"async\" src=\"https:\/\/assessoria13.com\/wp-content\/uploads\/2023\/08\/logo-mare-pozitiv-transp.png\" alt=\"\" class=\"wp-image-385\" style=\"width:400px\" width=\"400\"\/><\/figure><\/div><\/div>\n\n\n\n<div id=\"wp-block-themeisle-blocks-advanced-column-4131a207\" class=\"wp-block-themeisle-blocks-advanced-column\"><\/div>\n<\/div><\/div>\n\n<div id=\"wp-block-themeisle-blocks-advanced-columns-47092f44\" class=\"wp-block-themeisle-blocks-advanced-columns has-1-columns has-desktop-equal-layout has-tablet-equal-layout has-mobile-equal-layout has-vertical-unset\"><div class=\"wp-block-themeisle-blocks-advanced-columns-overlay\"><\/div><div class=\"innerblocks-wrap\">\n<div id=\"wp-block-themeisle-blocks-advanced-column-f04001c7\" class=\"wp-block-themeisle-blocks-advanced-column\">\n<div id=\"wp-block-themeisle-blocks-advanced-columns-faddaeef\" class=\"wp-block-themeisle-blocks-advanced-columns has-3-columns has-desktop-equal-layout has-tablet-equal-layout has-mobile-collapsedRows-layout has-vertical-unset\"><div class=\"wp-block-themeisle-blocks-advanced-columns-overlay\"><\/div><div class=\"innerblocks-wrap\">\n<div id=\"wp-block-themeisle-blocks-advanced-column-bcadf465\" class=\"wp-block-themeisle-blocks-advanced-column\"><\/div>\n\n\n\n<div id=\"wp-block-themeisle-blocks-advanced-column-480380d3\" class=\"wp-block-themeisle-blocks-advanced-column\">\n<div id=\"wp-block-themeisle-blocks-advanced-columns-66a7b3f5\" class=\"wp-block-themeisle-blocks-advanced-columns has-1-columns has-desktop-equal-layout has-tablet-equal-layout has-mobile-equal-layout has-vertical-unset\"><div class=\"wp-block-themeisle-blocks-advanced-columns-overlay\"><\/div><div class=\"innerblocks-wrap\">\n<div id=\"wp-block-themeisle-blocks-advanced-column-fd1127a9\" class=\"wp-block-themeisle-blocks-advanced-column\">\n<h2 id=\"wp-block-themeisle-blocks-advanced-heading-86abdfee\" class=\"wp-block-themeisle-blocks-advanced-heading wp-block-themeisle-blocks-advanced-heading-86abdfee\">CERTIFICAT DIGITAL<\/h2>\n\n\n\n<h3 id=\"wp-block-themeisle-blocks-advanced-heading-d0aa10ab\" class=\"wp-block-themeisle-blocks-advanced-heading wp-block-themeisle-blocks-advanced-heading-d0aa10ab\">OBTENCI\u00d3 DE CERTIFICATS DIGITALS<\/h3>\n\n\n\n<ul class=\"checkmark-ul\">\n<li>En pocs anys, la tecnologia ha canviat la nostra manera de comprendre el m\u00f3n, de comunicar-nos i de relacionar-nos. Entre moltes altres coses, la digitalitzaci\u00f3 ha perm\u00e8s al ciutad\u00e0 agilitzar els tr\u00e0mits amb l&#8217;administraci\u00f3, sovint molestos i molestos. En aquest proc\u00e9s, el certificat electr\u00f2nic hi juga un paper fonamental. Es tracta d&#8217;una signatura digital que l&#8217;usuari instal\u00b7la al navegador per garantir la seva identitat a Internet i que li permet fer gestions des de l&#8217;ordinador, dispositiu m\u00f2bil o tauleta davant de qualsevol organisme p\u00fablic que admeti aquesta r\u00fabrica: Ag\u00e8ncia Tribut\u00e0ria, Seguretat Social, SEPE, Registre Civil, ajuntaments, centres hospitalaris, DGT\u2026<\/li>\n\n\n\n<li>El primer pas per iniciar el tr\u00e0mit obliga a registrar-se a la web de la F\u00e0brica Nacional de Moneda i Timbre (FNMT), on l&#8217;usuari obt\u00e9 un codi que ha de validar de manera presencial en un punt de registre de l&#8217;administraci\u00f3 p\u00fablica. Aix\u00f2 obliga a despla\u00e7ar-se, amb la conseg\u00fcent p\u00e8rdua de temps que suposa acostar-se fins a aquest lloc. A m\u00e9s, no sempre \u00e9s tan senzill completar aquesta gesti\u00f3. Molts habitants de poblacions rurals, generalment gent gran, han de rec\u00f3rrer quil\u00f2metres fins a arribar a algunes d&#8217;aquestes seus. El mateix passa amb les persones que estan hospitalitzades, malaltes o que resideixen a altres pa\u00efsos, lluny dels seus domicilis.<\/li>\n\n\n\n<li>En Assessoria 13 podem <strong>TRAMITAR I EMETRE EL SEU CERTIFICAT DIGITAL<\/strong><\/li>\n\n\n\n<li><strong>Assessoria 13 \u00e9s PUNT DE VERIFICACI\u00d3 PRESENCIAL<\/strong><\/li>\n\n\n\n<li>El Punt de Verificaci\u00f3 Presencial (PVP) \u00e9s una entitat que <strong>fa el mateix paper que el realitzat per les Delegacions d&#8217;Hisenda quan vols obtenir el certificat a trav\u00e9s de la F\u00e0brica Nacional de Moneda i Timbre<\/strong><\/li>\n\n\n\n<li><strong>Assessoria 13 col\u00b7labora amb Camerfirma, la primera certificadora d&#8217;Espanya, despr\u00e9s de la F\u00e0brica Nacional de Moneda i Timbre, Camerfima t\u00e9<\/strong> acords amb totes les CCAA i amb totes les institucions p\u00fabliques. I disposa d\u00b4autoritat per poder emetre identitats digitals a nivell europeu.<\/li>\n\n\n\n<li>Els nostres assessors un cop hagin comprovat el vostre document d&#8217;identitat emeten el CERTIFICAT DIGITAL de forma r\u00e0pida, segura i inalterable.<\/li>\n\n\n\n<li>Gr\u00e0cies a aquest certificat vost\u00e8 pot identificar-se de forma telem\u00e0tica amb total seguretat i signar o xifrar documents electr\u00f2nics en q\u00fcesti\u00f3 de segons, sense necessitat de despla\u00e7ar-se ni de completar paperassa innecess\u00e0ria i si no es pot despla\u00e7ar al nostre despatx cap problema, un assessor vindr\u00e0 al seu domicili i realitzar\u00e0 el tr\u00e0mit d&#8217;identificaci\u00f3.<\/li>\n<\/ul>\n\n\n\n<div class=\"wp-block-group is-content-justification-center is-nowrap is-layout-flex wp-container-core-group-layout-1 wp-block-group-is-layout-flex\">\n<div class=\"wp-block-buttons is-layout-flex wp-block-buttons-is-layout-flex\">\n<div class=\"wp-block-button is-style-primary\"><a class=\"wp-block-button__link has-nv-text-dark-bg-color has-neve-link-color-background-color has-text-color has-background wp-element-button\" href=\"https:\/\/assessoria13.com\/contacto\/\"><strong>VULL OBTENIR EL MEU CERTIFICAT DIGITAL<\/strong><\/a><\/div>\n<\/div>\n\n\n\n<figure class=\"wp-block-image size-full\"><img loading=\"lazy\" decoding=\"async\" width=\"366\" height=\"128\" src=\"https:\/\/assessoria13.com\/wp-content\/uploads\/2023\/08\/camerfirma.png\" alt=\"\" class=\"wp-image-1040\" srcset=\"https:\/\/assessoria13.com\/wp-content\/uploads\/2023\/08\/camerfirma.png 366w, https:\/\/assessoria13.com\/wp-content\/uploads\/2023\/08\/camerfirma-300x105.png 300w\" sizes=\"(max-width: 366px) 100vw, 366px\" \/><\/figure>\n<\/div>\n\n\n\n<div style=\"height:30px;width:0px\" aria-hidden=\"true\" class=\"wp-block-spacer\"><\/div>\n<\/div>\n<\/div><\/div>\n<\/div>\n\n\n\n<div id=\"wp-block-themeisle-blocks-advanced-column-6d030dd6\" class=\"wp-block-themeisle-blocks-advanced-column\"><\/div>\n<\/div><\/div>\n<\/div>\n<\/div><\/div>\n\n<div id=\"wp-block-themeisle-blocks-advanced-columns-79701b38\" class=\"wp-block-themeisle-blocks-advanced-columns alignfull has-1-columns has-desktop-equal-layout has-tablet-equal-layout has-mobile-equal-layout has-vertical-unset has-light-bg\"><div class=\"wp-block-themeisle-blocks-advanced-columns-overlay\"><\/div><div class=\"innerblocks-wrap\">\n<div id=\"wp-block-themeisle-blocks-advanced-column-9692b003\" class=\"wp-block-themeisle-blocks-advanced-column\">\n<div id=\"wp-block-themeisle-blocks-advanced-columns-4a28e9ad\" class=\"wp-block-themeisle-blocks-advanced-columns has-3-columns has-desktop-oneThreeOne-layout has-tablet-equal-layout has-mobile-collapsedRows-layout has-vertical-unset\"><div class=\"wp-block-themeisle-blocks-advanced-columns-overlay\"><\/div><div class=\"innerblocks-wrap\">\n<div id=\"wp-block-themeisle-blocks-advanced-column-bcdb66f4\" class=\"wp-block-themeisle-blocks-advanced-column\"><\/div>\n\n\n\n<div id=\"wp-block-themeisle-blocks-advanced-column-357763ad\" class=\"wp-block-themeisle-blocks-advanced-column\">\n<div id=\"wp-block-themeisle-blocks-advanced-columns-9c9b8acd\" class=\"wp-block-themeisle-blocks-advanced-columns has-1-columns has-desktop-equal-layout has-tablet-equal-layout has-mobile-equal-layout has-vertical-unset\"><div class=\"wp-block-themeisle-blocks-advanced-columns-overlay\"><\/div><div class=\"innerblocks-wrap\">\n<div id=\"wp-block-themeisle-blocks-advanced-column-7af0e6b5\" class=\"wp-block-themeisle-blocks-advanced-column\">\n<div id=\"wp-block-themeisle-blocks-advanced-columns-ddc3e69c\" class=\"wp-block-themeisle-blocks-advanced-columns has-2-columns has-desktop-equal-layout has-tablet-equal-layout has-mobile-collapsedRows-layout has-vertical-unset\"><div class=\"wp-block-themeisle-blocks-advanced-columns-overlay\"><\/div><div class=\"innerblocks-wrap\">\n<div id=\"wp-block-themeisle-blocks-advanced-column-7fe2a250\" class=\"wp-block-themeisle-blocks-advanced-column\">\n<div class=\"wp-block-group is-content-justification-center is-nowrap is-layout-flex wp-container-core-group-layout-2 wp-block-group-is-layout-flex\">\n<figure class=\"wp-block-image size-full is-resized\"><img decoding=\"async\" src=\"https:\/\/assessoria13.com\/wp-content\/uploads\/2023\/08\/logo-mare-pozitiv-transp.png\" alt=\"\" class=\"wp-image-385\" style=\"width:300px;height:undefinedpx\"\/><\/figure>\n<\/div>\n<\/div>\n\n\n\n<div id=\"wp-block-themeisle-blocks-advanced-column-77bcef24\" class=\"wp-block-themeisle-blocks-advanced-column\">\n<h2 id=\"wp-block-themeisle-blocks-advanced-heading-50029c54\" class=\"wp-block-themeisle-blocks-advanced-heading wp-block-themeisle-blocks-advanced-heading-50029c54\">Assessorament<\/h2>\n\n\n\n<h3 id=\"wp-block-themeisle-blocks-advanced-heading-d76644f5\" class=\"wp-block-themeisle-blocks-advanced-heading wp-block-themeisle-blocks-advanced-heading-d76644f5\">Fiscal, laboral, comptable i financer<\/h3>\n\n\n\n<div class=\"wp-block-group has-neve-link-color-color has-text-color is-content-justification-left is-nowrap is-layout-flex wp-container-core-group-layout-3 wp-block-group-is-layout-flex\">\n<div id=\"wp-block-themeisle-blocks-font-awesome-icons-bba3a85a\" class=\"wp-block-themeisle-blocks-font-awesome-icons\"><span class=\"wp-block-themeisle-blocks-font-awesome-icons-container nan-padding\"><i class=\"fab fa-instagram\"><\/i><\/span><\/div>\n\n\n\n<span id=\"wp-block-themeisle-blocks-advanced-heading-f432de2a\" class=\"wp-block-themeisle-blocks-advanced-heading wp-block-themeisle-blocks-advanced-heading-f432de2a\"><a href=\"https:\/\/www.instagram.com\/assessoria__13\/?igshid=OGQ5ZDc2ODk2ZA%3D%3D\">assessoria_13<\/a><\/span>\n<\/div>\n\n\n\n<div style=\"height:25px\" aria-hidden=\"true\" class=\"wp-block-spacer\"><\/div>\n\n\n\n<div class=\"wp-block-group has-neve-link-color-color has-text-color is-content-justification-left is-nowrap is-layout-flex wp-container-core-group-layout-4 wp-block-group-is-layout-flex\">\n<div id=\"wp-block-themeisle-blocks-font-awesome-icons-21ad45b2\" class=\"wp-block-themeisle-blocks-font-awesome-icons\"><span class=\"wp-block-themeisle-blocks-font-awesome-icons-container nan-padding\"><i class=\"fas fa-phone-alt\"><\/i><\/span><\/div>\n\n\n\n<span id=\"wp-block-themeisle-blocks-advanced-heading-f6ec8cb6\" class=\"wp-block-themeisle-blocks-advanced-heading wp-block-themeisle-blocks-advanced-heading-f6ec8cb6\"><a href=\"tel:+34%20604%20990%20100\">+34 604 990 100<\/a><\/span>\n<\/div>\n\n\n\n<div style=\"height:25px\" aria-hidden=\"true\" class=\"wp-block-spacer\"><\/div>\n\n\n\n<div class=\"wp-block-group has-neve-link-color-color has-text-color is-content-justification-left is-nowrap is-layout-flex wp-container-core-group-layout-5 wp-block-group-is-layout-flex\">\n<div id=\"wp-block-themeisle-blocks-font-awesome-icons-6cf7cbea\" class=\"wp-block-themeisle-blocks-font-awesome-icons\"><span class=\"wp-block-themeisle-blocks-font-awesome-icons-container nan-padding\"><a href=\"mailto:info@assessoria13.com\" target=\"_self\" rel=\"noopener noreferrer\"><i class=\"fas fa-envelope\"><\/i><\/a><\/span><\/div>\n\n\n\n<span id=\"wp-block-themeisle-blocks-advanced-heading-76a43c5d\" class=\"wp-block-themeisle-blocks-advanced-heading wp-block-themeisle-blocks-advanced-heading-76a43c5d\"><a href=\"mailto:info@assessoria13.com\">info@assessoria13.com<\/a><\/span>\n<\/div>\n\n\n\n<div style=\"height:25px\" aria-hidden=\"true\" class=\"wp-block-spacer\"><\/div>\n<\/div>\n<\/div><\/div>\n<\/div>\n<\/div><\/div>\n<\/div>\n\n\n\n<div id=\"wp-block-themeisle-blocks-advanced-column-415bbf36\" class=\"wp-block-themeisle-blocks-advanced-column\"><\/div>\n<\/div><\/div>\n<\/div>\n<\/div><\/div>\n","protected":false},"excerpt":{"rendered":"","protected":false},"author":2,"featured_media":0,"parent":0,"menu_order":0,"comment_status":"closed","ping_status":"closed","template":"","meta":{"neve_meta_sidebar":"","neve_meta_container":"","neve_meta_enable_content_width":"","neve_meta_content_width":0,"neve_meta_title_alignment":"","neve_meta_author_avatar":"","neve_post_elements_order":"","neve_meta_disable_header":"","neve_meta_disable_footer":"","neve_meta_disable_title":"on","_themeisle_gutenberg_block_has_review":false,"_ti_tpc_template_sync":false,"_ti_tpc_template_id":"","footnotes":""},"yoast_head":"<!-- This site is optimized with the Yoast SEO plugin v21.6 - https:\/\/yoast.com\/wordpress\/plugins\/seo\/ -->\n<title>CERTIFICAT DIGITAL - Assessoria tretze<\/title>\n<meta name=\"robots\" content=\"index, follow, max-snippet:-1, max-image-preview:large, max-video-preview:-1\" \/>\n<link rel=\"canonical\" href=\"https:\/\/assessoria13.com\/ca\/certificat-digital\/\" \/>\n<meta property=\"og:locale\" content=\"ca_ES\" \/>\n<meta property=\"og:type\" content=\"article\" \/>\n<meta property=\"og:title\" content=\"CERTIFICAT DIGITAL - Assessoria tretze\" \/>\n<meta property=\"og:url\" content=\"https:\/\/assessoria13.com\/ca\/certificat-digital\/\" \/>\n<meta property=\"og:site_name\" content=\"Assessoria tretze\" \/>\n<meta property=\"article:modified_time\" content=\"2023-12-07T13:53:31+00:00\" \/>\n<meta property=\"og:image\" content=\"https:\/\/assessoria13.com\/wp-content\/uploads\/2023\/08\/camerfirma.png\" \/>\n<meta name=\"twitter:card\" content=\"summary_large_image\" \/>\n<meta name=\"twitter:label1\" content=\"Temps estimat de lectura\" \/>\n\t<meta name=\"twitter:data1\" content=\"2 minuts\" \/>\n<script type=\"application\/ld+json\" class=\"yoast-schema-graph\">{\"@context\":\"https:\/\/schema.org\",\"@graph\":[{\"@type\":\"WebPage\",\"@id\":\"https:\/\/assessoria13.com\/ca\/certificat-digital\/\",\"url\":\"https:\/\/assessoria13.com\/ca\/certificat-digital\/\",\"name\":\"CERTIFICAT DIGITAL - Assessoria tretze\",\"isPartOf\":{\"@id\":\"https:\/\/assessoria13.com\/ca\/#website\"},\"datePublished\":\"2023-08-24T12:22:08+00:00\",\"dateModified\":\"2023-12-07T13:53:31+00:00\",\"breadcrumb\":{\"@id\":\"https:\/\/assessoria13.com\/ca\/certificat-digital\/#breadcrumb\"},\"inLanguage\":\"ca\",\"potentialAction\":[{\"@type\":\"ReadAction\",\"target\":[\"https:\/\/assessoria13.com\/ca\/certificat-digital\/\"]}]},{\"@type\":\"BreadcrumbList\",\"@id\":\"https:\/\/assessoria13.com\/ca\/certificat-digital\/#breadcrumb\",\"itemListElement\":[{\"@type\":\"ListItem\",\"position\":1,\"name\":\"Home\",\"item\":\"https:\/\/assessoria13.com\/ca\/\"},{\"@type\":\"ListItem\",\"position\":2,\"name\":\"CERTIFICAT DIGITAL\"}]},{\"@type\":\"WebSite\",\"@id\":\"https:\/\/assessoria13.com\/ca\/#website\",\"url\":\"https:\/\/assessoria13.com\/ca\/\",\"name\":\"Assessoria tretze\",\"description\":\"Assessoria tretze\",\"publisher\":{\"@id\":\"https:\/\/assessoria13.com\/ca\/#\/schema\/person\/3aa5719aa40a9ee87e0d4004b95430af\"},\"potentialAction\":[{\"@type\":\"SearchAction\",\"target\":{\"@type\":\"EntryPoint\",\"urlTemplate\":\"https:\/\/assessoria13.com\/ca\/?s={search_term_string}\"},\"query-input\":\"required name=search_term_string\"}],\"inLanguage\":\"ca\"},{\"@type\":[\"Person\",\"Organization\"],\"@id\":\"https:\/\/assessoria13.com\/ca\/#\/schema\/person\/3aa5719aa40a9ee87e0d4004b95430af\",\"name\":\"admin\",\"image\":{\"@type\":\"ImageObject\",\"inLanguage\":\"ca\",\"@id\":\"https:\/\/assessoria13.com\/ca\/#\/schema\/person\/image\/\",\"url\":\"https:\/\/assessoria13.com\/wp-content\/uploads\/2023\/08\/logo-mare-pozitiv-transp.png\",\"contentUrl\":\"https:\/\/assessoria13.com\/wp-content\/uploads\/2023\/08\/logo-mare-pozitiv-transp.png\",\"width\":735,\"height\":700,\"caption\":\"admin\"},\"logo\":{\"@id\":\"https:\/\/assessoria13.com\/ca\/#\/schema\/person\/image\/\"},\"sameAs\":[\"https:\/\/assessoria13.com\"]}]}<\/script>\n<!-- \/ Yoast SEO plugin. -->","yoast_head_json":{"title":"CERTIFICAT DIGITAL - Assessoria tretze","robots":{"index":"index","follow":"follow","max-snippet":"max-snippet:-1","max-image-preview":"max-image-preview:large","max-video-preview":"max-video-preview:-1"},"canonical":"https:\/\/assessoria13.com\/ca\/certificat-digital\/","og_locale":"ca_ES","og_type":"article","og_title":"CERTIFICAT DIGITAL - Assessoria tretze","og_url":"https:\/\/assessoria13.com\/ca\/certificat-digital\/","og_site_name":"Assessoria tretze","article_modified_time":"2023-12-07T13:53:31+00:00","og_image":[{"url":"https:\/\/assessoria13.com\/wp-content\/uploads\/2023\/08\/camerfirma.png"}],"twitter_card":"summary_large_image","twitter_misc":{"Temps estimat de lectura":"2 minuts"},"schema":{"@context":"https:\/\/schema.org","@graph":[{"@type":"WebPage","@id":"https:\/\/assessoria13.com\/ca\/certificat-digital\/","url":"https:\/\/assessoria13.com\/ca\/certificat-digital\/","name":"CERTIFICAT DIGITAL - Assessoria tretze","isPartOf":{"@id":"https:\/\/assessoria13.com\/ca\/#website"},"datePublished":"2023-08-24T12:22:08+00:00","dateModified":"2023-12-07T13:53:31+00:00","breadcrumb":{"@id":"https:\/\/assessoria13.com\/ca\/certificat-digital\/#breadcrumb"},"inLanguage":"ca","potentialAction":[{"@type":"ReadAction","target":["https:\/\/assessoria13.com\/ca\/certificat-digital\/"]}]},{"@type":"BreadcrumbList","@id":"https:\/\/assessoria13.com\/ca\/certificat-digital\/#breadcrumb","itemListElement":[{"@type":"ListItem","position":1,"name":"Home","item":"https:\/\/assessoria13.com\/ca\/"},{"@type":"ListItem","position":2,"name":"CERTIFICAT DIGITAL"}]},{"@type":"WebSite","@id":"https:\/\/assessoria13.com\/ca\/#website","url":"https:\/\/assessoria13.com\/ca\/","name":"Assessoria tretze","description":"Assessoria tretze","publisher":{"@id":"https:\/\/assessoria13.com\/ca\/#\/schema\/person\/3aa5719aa40a9ee87e0d4004b95430af"},"potentialAction":[{"@type":"SearchAction","target":{"@type":"EntryPoint","urlTemplate":"https:\/\/assessoria13.com\/ca\/?s={search_term_string}"},"query-input":"required name=search_term_string"}],"inLanguage":"ca"},{"@type":["Person","Organization"],"@id":"https:\/\/assessoria13.com\/ca\/#\/schema\/person\/3aa5719aa40a9ee87e0d4004b95430af","name":"admin","image":{"@type":"ImageObject","inLanguage":"ca","@id":"https:\/\/assessoria13.com\/ca\/#\/schema\/person\/image\/","url":"https:\/\/assessoria13.com\/wp-content\/uploads\/2023\/08\/logo-mare-pozitiv-transp.png","contentUrl":"https:\/\/assessoria13.com\/wp-content\/uploads\/2023\/08\/logo-mare-pozitiv-transp.png","width":735,"height":700,"caption":"admin"},"logo":{"@id":"https:\/\/assessoria13.com\/ca\/#\/schema\/person\/image\/"},"sameAs":["https:\/\/assessoria13.com"]}]}},"_links":{"self":[{"href":"https:\/\/assessoria13.com\/ca\/wp-json\/wp\/v2\/pages\/1266"}],"collection":[{"href":"https:\/\/assessoria13.com\/ca\/wp-json\/wp\/v2\/pages"}],"about":[{"href":"https:\/\/assessoria13.com\/ca\/wp-json\/wp\/v2\/types\/page"}],"author":[{"embeddable":true,"href":"https:\/\/assessoria13.com\/ca\/wp-json\/wp\/v2\/users\/2"}],"replies":[{"embeddable":true,"href":"https:\/\/assessoria13.com\/ca\/wp-json\/wp\/v2\/comments?post=1266"}],"version-history":[{"count":6,"href":"https:\/\/assessoria13.com\/ca\/wp-json\/wp\/v2\/pages\/1266\/revisions"}],"predecessor-version":[{"id":1316,"href":"https:\/\/assessoria13.com\/ca\/wp-json\/wp\/v2\/pages\/1266\/revisions\/1316"}],"wp:attachment":[{"href":"https:\/\/assessoria13.com\/ca\/wp-json\/wp\/v2\/media?parent=1266"}],"curies":[{"name":"wp","href":"https:\/\/api.w.org\/{rel}","templated":true}]}}