{"id":1271,"date":"2023-08-24T14:22:50","date_gmt":"2023-08-24T12:22:50","guid":{"rendered":"https:\/\/assessoria13.com\/altres-serveis\/"},"modified":"2023-12-07T15:53:19","modified_gmt":"2023-12-07T13:53:19","slug":"altres-serveis","status":"publish","type":"page","link":"https:\/\/assessoria13.com\/ca\/altres-serveis\/","title":{"rendered":"ALTRES SERVEIS"},"content":{"rendered":"\n<div id=\"wp-block-themeisle-blocks-advanced-columns-8f423455\" class=\"wp-block-themeisle-blocks-advanced-columns has-3-columns has-desktop-equal-layout has-tablet-equal-layout has-mobile-collapsedRows-layout has-vertical-unset animated bounce delay-1s\"><div class=\"wp-block-themeisle-blocks-advanced-columns-overlay\"><\/div><div class=\"innerblocks-wrap\">\n<div id=\"wp-block-themeisle-blocks-advanced-column-e3424046\" class=\"wp-block-themeisle-blocks-advanced-column\"><\/div>\n\n\n\n<div id=\"wp-block-themeisle-blocks-advanced-column-2600455d\" class=\"wp-block-themeisle-blocks-advanced-column\"><div class=\"wp-block-image\">\n<figure class=\"aligncenter size-full is-resized\"><img decoding=\"async\" src=\"https:\/\/assessoria13.com\/wp-content\/uploads\/2023\/08\/logo-mare-pozitiv-transp.png\" alt=\"\" class=\"wp-image-385\" style=\"width:400px\" width=\"400\"\/><\/figure><\/div><\/div>\n\n\n\n<div id=\"wp-block-themeisle-blocks-advanced-column-4131a207\" class=\"wp-block-themeisle-blocks-advanced-column\"><\/div>\n<\/div><\/div>\n\n<div id=\"wp-block-themeisle-blocks-advanced-columns-47092f44\" class=\"wp-block-themeisle-blocks-advanced-columns has-1-columns has-desktop-equal-layout has-tablet-equal-layout has-mobile-equal-layout has-vertical-unset\"><div class=\"wp-block-themeisle-blocks-advanced-columns-overlay\"><\/div><div class=\"innerblocks-wrap\">\n<div id=\"wp-block-themeisle-blocks-advanced-column-f04001c7\" class=\"wp-block-themeisle-blocks-advanced-column\">\n<div id=\"wp-block-themeisle-blocks-advanced-columns-faddaeef\" class=\"wp-block-themeisle-blocks-advanced-columns has-3-columns has-desktop-equal-layout has-tablet-equal-layout has-mobile-collapsedRows-layout has-vertical-unset\"><div class=\"wp-block-themeisle-blocks-advanced-columns-overlay\"><\/div><div class=\"innerblocks-wrap\">\n<div id=\"wp-block-themeisle-blocks-advanced-column-bcadf465\" class=\"wp-block-themeisle-blocks-advanced-column\"><\/div>\n\n\n\n<div id=\"wp-block-themeisle-blocks-advanced-column-480380d3\" class=\"wp-block-themeisle-blocks-advanced-column\">\n<div id=\"wp-block-themeisle-blocks-advanced-columns-66a7b3f5\" class=\"wp-block-themeisle-blocks-advanced-columns has-1-columns has-desktop-equal-layout has-tablet-equal-layout has-mobile-equal-layout has-vertical-unset\"><div class=\"wp-block-themeisle-blocks-advanced-columns-overlay\"><\/div><div class=\"innerblocks-wrap\">\n<div id=\"wp-block-themeisle-blocks-advanced-column-fd1127a9\" class=\"wp-block-themeisle-blocks-advanced-column\">\n<h2 id=\"wp-block-themeisle-blocks-advanced-heading-86abdfee\" class=\"wp-block-themeisle-blocks-advanced-heading wp-block-themeisle-blocks-advanced-heading-86abdfee\">ALTRES SERVEIS<\/h2>\n\n\n\n<div id=\"wp-block-themeisle-blocks-advanced-columns-66eec34b\" class=\"wp-block-themeisle-blocks-advanced-columns has-1-columns has-desktop-equal-layout has-tablet-equal-layout has-mobile-equal-layout has-vertical-unset\"><div class=\"wp-block-themeisle-blocks-advanced-columns-overlay\"><\/div><div class=\"innerblocks-wrap\">\n<div id=\"wp-block-themeisle-blocks-advanced-column-d41dca82\" class=\"wp-block-themeisle-blocks-advanced-column\">\n<p><strong>A Assessoria 13 estem especialitzats en diverses \u00e0rees jur\u00eddiques que inclouen assessorament global en mat\u00e8ria de dret laboral, dret penal, dret civil, dret de fam\u00edlies i mediaci\u00f3:<\/strong><\/p>\n\n\n\n<p>Som totalment flexibles i tractem en tot moment d&#8217;adaptar-nos a les necessitats dels clients per tal de procurar-ne la satisfacci\u00f3. <\/p>\n\n\n\n<p>El tracte directe amb els lletrats, aix\u00ed com la seva honestedat i comprom\u00eds a l&#8217;hora d&#8217;assessorar i defensar els interessos dels clients, ens avalen.<\/p>\n\n\n\n<p>Li oferim serveis de qualitat en:<\/p>\n\n\n\n<h2 class=\"wp-block-heading\">1. <strong>Dret laboral<\/strong><\/h2>\n\n\n\n<ul class=\"checkmark-ul\">\n<li>Pr\u00e0ctiques i pol\u00edtiques laborals.<\/li>\n\n\n\n<li>Acomiadaments i procediments de regulaci\u00f3 docupaci\u00f3.<\/li>\n\n\n\n<li>Reclamacions de quantitat.<\/li>\n\n\n\n<li>Actes de conciliaci\u00f3 davant del servei de conciliaci\u00f3 administrativa pr\u00e8via (CMAC).<\/li>\n\n\n\n<li>Reclamacions pr\u00e8vies a la via jurisdiccional.<\/li>\n\n\n\n<li>Assessorament i suport d&#8217;ERO i ERTE.<\/li>\n\n\n\n<li>Accidents laborals.<\/li>\n\n\n\n<li>Gesti\u00f3 laboral dempreses.<\/li>\n<\/ul>\n\n\n\n<h2 class=\"wp-block-heading\"><strong>2. Seguretat social<\/strong><\/h2>\n\n\n\n<ul class=\"checkmark-ul\">\n<li>Reclamacions i accions davant dels \u00f2rgans de la seguretat social (TGSS, INEM-SPEE, INSS, Imserso, Fogasa).<\/li>\n\n\n\n<li>Incapacitats laborals. <\/li>\n<\/ul>\n\n\n\n<h2 class=\"wp-block-heading\"><strong><strong>3. Dret civil<\/strong><\/strong><\/h2>\n\n\n\n<ul class=\"checkmark-ul\">\n<li>Redacci\u00f3 de contractes i assessorament previ en relacions contractuals, ja sigui a seu privada o p\u00fablica-notarial.<\/li>\n\n\n\n<li>Incapacitacions civils.<\/li>\n\n\n\n<li>Reclamacions de quantitat.<\/li>\n\n\n\n<li>Dret successori.<\/li>\n\n\n\n<li>Immobiliari: compravendes, usdefruits, permutes, arrendaments, superf\u00edcie, danys i vicis a la construcci\u00f3.<\/li>\n\n\n\n<li>Registral: expedients de domini, tracte successiu, immatriculaci\u00f3 de finques, anotacions marginals i altres inscripcions. Recursos davant de la Direcci\u00f3 General de Registres i Notariat.<\/li>\n\n\n\n<li>Drets reals.<\/li>\n\n\n\n<li>Responsabilitat civil.<\/li>\n\n\n\n<li>Accidents de tr\u00e0nsit.<\/li>\n\n\n\n<li>Neglig\u00e8ncies m\u00e8diques.<\/li>\n<\/ul>\n\n\n\n<h2 class=\"wp-block-heading\">4<strong><strong>. <strong>Dret de fam\u00edlia<\/strong><\/strong><\/strong><\/h2>\n\n\n\n<ul class=\"checkmark-ul\">\n<li>Separacions.<\/li>\n\n\n\n<li>Divorcis.<\/li>\n\n\n\n<li>Unions de fet.<\/li>\n\n\n\n<li>Liquidaci\u00f3 de societats matrimonials.<\/li>\n\n\n\n<li>Capitulacions matrimonials.<\/li>\n\n\n\n<li>Modificacions de mesures.<\/li>\n<\/ul>\n\n\n\n<h2 class=\"wp-block-heading\"><strong>5. Dret penal<\/strong><\/h2>\n\n\n\n<ul class=\"checkmark-ul\">\n<li>Reclamacions com a acusaci\u00f3 particular davant d&#8217;accions delictives patides.<\/li>\n\n\n\n<li>Defensa en cas d&#8217;estar investigat o acusat per qualsevol mena de delicte.<\/li>\n<\/ul>\n\n\n\n<h2 class=\"wp-block-heading\"><strong>6. Mediaci\u00f3<\/strong><\/h2>\n\n\n\n<ul class=\"checkmark-ul\">\n<li>Intervenci\u00f3 extrajudicial en la resoluci\u00f3 de conflictes adre\u00e7ada a la cerca dacords satisfactoris per a les parts en mat\u00e8ries civil, mercantil i sociolaboral.<\/li>\n<\/ul>\n<\/div>\n<\/div><\/div>\n<\/div>\n<\/div><\/div>\n<\/div>\n\n\n\n<div id=\"wp-block-themeisle-blocks-advanced-column-6d030dd6\" class=\"wp-block-themeisle-blocks-advanced-column\"><\/div>\n<\/div><\/div>\n<\/div>\n<\/div><\/div>\n\n<div id=\"wp-block-themeisle-blocks-advanced-columns-79701b38\" class=\"wp-block-themeisle-blocks-advanced-columns alignfull has-1-columns has-desktop-equal-layout has-tablet-equal-layout has-mobile-equal-layout has-vertical-unset has-light-bg\"><div class=\"wp-block-themeisle-blocks-advanced-columns-overlay\"><\/div><div class=\"innerblocks-wrap\">\n<div id=\"wp-block-themeisle-blocks-advanced-column-9692b003\" class=\"wp-block-themeisle-blocks-advanced-column\">\n<div id=\"wp-block-themeisle-blocks-advanced-columns-4a28e9ad\" class=\"wp-block-themeisle-blocks-advanced-columns has-3-columns has-desktop-oneThreeOne-layout has-tablet-equal-layout has-mobile-collapsedRows-layout has-vertical-unset\"><div class=\"wp-block-themeisle-blocks-advanced-columns-overlay\"><\/div><div class=\"innerblocks-wrap\">\n<div id=\"wp-block-themeisle-blocks-advanced-column-bcdb66f4\" class=\"wp-block-themeisle-blocks-advanced-column\"><\/div>\n\n\n\n<div id=\"wp-block-themeisle-blocks-advanced-column-357763ad\" class=\"wp-block-themeisle-blocks-advanced-column\">\n<div id=\"wp-block-themeisle-blocks-advanced-columns-9c9b8acd\" class=\"wp-block-themeisle-blocks-advanced-columns has-1-columns has-desktop-equal-layout has-tablet-equal-layout has-mobile-equal-layout has-vertical-unset\"><div class=\"wp-block-themeisle-blocks-advanced-columns-overlay\"><\/div><div class=\"innerblocks-wrap\">\n<div id=\"wp-block-themeisle-blocks-advanced-column-7af0e6b5\" class=\"wp-block-themeisle-blocks-advanced-column\">\n<div id=\"wp-block-themeisle-blocks-advanced-columns-ddc3e69c\" class=\"wp-block-themeisle-blocks-advanced-columns has-2-columns has-desktop-equal-layout has-tablet-equal-layout has-mobile-collapsedRows-layout has-vertical-unset\"><div class=\"wp-block-themeisle-blocks-advanced-columns-overlay\"><\/div><div class=\"innerblocks-wrap\">\n<div id=\"wp-block-themeisle-blocks-advanced-column-7fe2a250\" class=\"wp-block-themeisle-blocks-advanced-column\">\n<div class=\"wp-block-group is-content-justification-center is-nowrap is-layout-flex wp-container-core-group-layout-1 wp-block-group-is-layout-flex\">\n<figure class=\"wp-block-image size-full is-resized\"><img decoding=\"async\" src=\"https:\/\/assessoria13.com\/wp-content\/uploads\/2023\/08\/logo-mare-pozitiv-transp.png\" alt=\"\" class=\"wp-image-385\" style=\"width:300px;height:undefinedpx\"\/><\/figure>\n<\/div>\n<\/div>\n\n\n\n<div id=\"wp-block-themeisle-blocks-advanced-column-77bcef24\" class=\"wp-block-themeisle-blocks-advanced-column\">\n<h2 id=\"wp-block-themeisle-blocks-advanced-heading-50029c54\" class=\"wp-block-themeisle-blocks-advanced-heading wp-block-themeisle-blocks-advanced-heading-50029c54\">Assessorament<\/h2>\n\n\n\n<h3 id=\"wp-block-themeisle-blocks-advanced-heading-d76644f5\" class=\"wp-block-themeisle-blocks-advanced-heading wp-block-themeisle-blocks-advanced-heading-d76644f5\">Fiscal, laboral, comptable i financer<\/h3>\n\n\n\n<div class=\"wp-block-group has-neve-link-color-color has-text-color is-content-justification-left is-nowrap is-layout-flex wp-container-core-group-layout-2 wp-block-group-is-layout-flex\">\n<div id=\"wp-block-themeisle-blocks-font-awesome-icons-bba3a85a\" class=\"wp-block-themeisle-blocks-font-awesome-icons\"><span class=\"wp-block-themeisle-blocks-font-awesome-icons-container nan-padding\"><i class=\"fab fa-instagram\"><\/i><\/span><\/div>\n\n\n\n<span id=\"wp-block-themeisle-blocks-advanced-heading-f432de2a\" class=\"wp-block-themeisle-blocks-advanced-heading wp-block-themeisle-blocks-advanced-heading-f432de2a\"><a href=\"https:\/\/www.instagram.com\/assessoria__13\/?igshid=OGQ5ZDc2ODk2ZA%3D%3D\">assessoria_13<\/a><\/span>\n<\/div>\n\n\n\n<div style=\"height:25px\" aria-hidden=\"true\" class=\"wp-block-spacer\"><\/div>\n\n\n\n<div class=\"wp-block-group has-neve-link-color-color has-text-color is-content-justification-left is-nowrap is-layout-flex wp-container-core-group-layout-3 wp-block-group-is-layout-flex\">\n<div id=\"wp-block-themeisle-blocks-font-awesome-icons-21ad45b2\" class=\"wp-block-themeisle-blocks-font-awesome-icons\"><span class=\"wp-block-themeisle-blocks-font-awesome-icons-container nan-padding\"><i class=\"fas fa-phone-alt\"><\/i><\/span><\/div>\n\n\n\n<span id=\"wp-block-themeisle-blocks-advanced-heading-f6ec8cb6\" class=\"wp-block-themeisle-blocks-advanced-heading wp-block-themeisle-blocks-advanced-heading-f6ec8cb6\"><a href=\"tel:+34%20604%20990%20100\">+34 604 990 100<\/a><\/span>\n<\/div>\n\n\n\n<div style=\"height:25px\" aria-hidden=\"true\" class=\"wp-block-spacer\"><\/div>\n\n\n\n<div class=\"wp-block-group has-neve-link-color-color has-text-color is-content-justification-left is-nowrap is-layout-flex wp-container-core-group-layout-4 wp-block-group-is-layout-flex\">\n<div id=\"wp-block-themeisle-blocks-font-awesome-icons-6cf7cbea\" class=\"wp-block-themeisle-blocks-font-awesome-icons\"><span class=\"wp-block-themeisle-blocks-font-awesome-icons-container nan-padding\"><a href=\"mailto:info@assessoria13.com\" target=\"_self\" rel=\"noopener noreferrer\"><i class=\"fas fa-envelope\"><\/i><\/a><\/span><\/div>\n\n\n\n<span id=\"wp-block-themeisle-blocks-advanced-heading-76a43c5d\" class=\"wp-block-themeisle-blocks-advanced-heading wp-block-themeisle-blocks-advanced-heading-76a43c5d\"><a href=\"mailto:info@assessoria13.com\">info@assessoria13.com<\/a><\/span>\n<\/div>\n\n\n\n<div style=\"height:25px\" aria-hidden=\"true\" class=\"wp-block-spacer\"><\/div>\n<\/div>\n<\/div><\/div>\n<\/div>\n<\/div><\/div>\n<\/div>\n\n\n\n<div id=\"wp-block-themeisle-blocks-advanced-column-415bbf36\" class=\"wp-block-themeisle-blocks-advanced-column\"><\/div>\n<\/div><\/div>\n<\/div>\n<\/div><\/div>\n","protected":false},"excerpt":{"rendered":"","protected":false},"author":1,"featured_media":0,"parent":0,"menu_order":0,"comment_status":"closed","ping_status":"closed","template":"","meta":{"neve_meta_sidebar":"","neve_meta_container":"","neve_meta_enable_content_width":"","neve_meta_content_width":0,"neve_meta_title_alignment":"","neve_meta_author_avatar":"","neve_post_elements_order":"","neve_meta_disable_header":"","neve_meta_disable_footer":"","neve_meta_disable_title":"on","_themeisle_gutenberg_block_has_review":false,"_ti_tpc_template_sync":false,"_ti_tpc_template_id":"","footnotes":""},"yoast_head":"<!-- This site is optimized with the Yoast SEO plugin v21.6 - https:\/\/yoast.com\/wordpress\/plugins\/seo\/ -->\n<title>ALTRES SERVEIS - Assessoria tretze<\/title>\n<meta name=\"robots\" content=\"index, follow, max-snippet:-1, max-image-preview:large, max-video-preview:-1\" \/>\n<link rel=\"canonical\" href=\"https:\/\/assessoria13.com\/ca\/altres-serveis\/\" \/>\n<meta property=\"og:locale\" content=\"ca_ES\" \/>\n<meta property=\"og:type\" content=\"article\" \/>\n<meta property=\"og:title\" content=\"ALTRES SERVEIS - Assessoria tretze\" \/>\n<meta property=\"og:url\" content=\"https:\/\/assessoria13.com\/ca\/altres-serveis\/\" \/>\n<meta property=\"og:site_name\" content=\"Assessoria tretze\" \/>\n<meta property=\"article:modified_time\" content=\"2023-12-07T13:53:19+00:00\" \/>\n<meta name=\"twitter:card\" content=\"summary_large_image\" \/>\n<meta name=\"twitter:label1\" content=\"Temps estimat de lectura\" \/>\n\t<meta name=\"twitter:data1\" content=\"1 minut\" \/>\n<script type=\"application\/ld+json\" class=\"yoast-schema-graph\">{\"@context\":\"https:\/\/schema.org\",\"@graph\":[{\"@type\":\"WebPage\",\"@id\":\"https:\/\/assessoria13.com\/ca\/altres-serveis\/\",\"url\":\"https:\/\/assessoria13.com\/ca\/altres-serveis\/\",\"name\":\"ALTRES SERVEIS - Assessoria tretze\",\"isPartOf\":{\"@id\":\"https:\/\/assessoria13.com\/ca\/#website\"},\"datePublished\":\"2023-08-24T12:22:50+00:00\",\"dateModified\":\"2023-12-07T13:53:19+00:00\",\"breadcrumb\":{\"@id\":\"https:\/\/assessoria13.com\/ca\/altres-serveis\/#breadcrumb\"},\"inLanguage\":\"ca\",\"potentialAction\":[{\"@type\":\"ReadAction\",\"target\":[\"https:\/\/assessoria13.com\/ca\/altres-serveis\/\"]}]},{\"@type\":\"BreadcrumbList\",\"@id\":\"https:\/\/assessoria13.com\/ca\/altres-serveis\/#breadcrumb\",\"itemListElement\":[{\"@type\":\"ListItem\",\"position\":1,\"name\":\"Home\",\"item\":\"https:\/\/assessoria13.com\/ca\/\"},{\"@type\":\"ListItem\",\"position\":2,\"name\":\"ALTRES SERVEIS\"}]},{\"@type\":\"WebSite\",\"@id\":\"https:\/\/assessoria13.com\/ca\/#website\",\"url\":\"https:\/\/assessoria13.com\/ca\/\",\"name\":\"Assessoria tretze\",\"description\":\"Assessoria tretze\",\"publisher\":{\"@id\":\"https:\/\/assessoria13.com\/ca\/#\/schema\/person\/3aa5719aa40a9ee87e0d4004b95430af\"},\"potentialAction\":[{\"@type\":\"SearchAction\",\"target\":{\"@type\":\"EntryPoint\",\"urlTemplate\":\"https:\/\/assessoria13.com\/ca\/?s={search_term_string}\"},\"query-input\":\"required name=search_term_string\"}],\"inLanguage\":\"ca\"},{\"@type\":[\"Person\",\"Organization\"],\"@id\":\"https:\/\/assessoria13.com\/ca\/#\/schema\/person\/3aa5719aa40a9ee87e0d4004b95430af\",\"name\":\"admin\",\"image\":{\"@type\":\"ImageObject\",\"inLanguage\":\"ca\",\"@id\":\"https:\/\/assessoria13.com\/ca\/#\/schema\/person\/image\/\",\"url\":\"https:\/\/assessoria13.com\/wp-content\/uploads\/2023\/08\/logo-mare-pozitiv-transp.png\",\"contentUrl\":\"https:\/\/assessoria13.com\/wp-content\/uploads\/2023\/08\/logo-mare-pozitiv-transp.png\",\"width\":735,\"height\":700,\"caption\":\"admin\"},\"logo\":{\"@id\":\"https:\/\/assessoria13.com\/ca\/#\/schema\/person\/image\/\"},\"sameAs\":[\"https:\/\/assessoria13.com\"]}]}<\/script>\n<!-- \/ Yoast SEO plugin. -->","yoast_head_json":{"title":"ALTRES SERVEIS - Assessoria tretze","robots":{"index":"index","follow":"follow","max-snippet":"max-snippet:-1","max-image-preview":"max-image-preview:large","max-video-preview":"max-video-preview:-1"},"canonical":"https:\/\/assessoria13.com\/ca\/altres-serveis\/","og_locale":"ca_ES","og_type":"article","og_title":"ALTRES SERVEIS - Assessoria tretze","og_url":"https:\/\/assessoria13.com\/ca\/altres-serveis\/","og_site_name":"Assessoria tretze","article_modified_time":"2023-12-07T13:53:19+00:00","twitter_card":"summary_large_image","twitter_misc":{"Temps estimat de lectura":"1 minut"},"schema":{"@context":"https:\/\/schema.org","@graph":[{"@type":"WebPage","@id":"https:\/\/assessoria13.com\/ca\/altres-serveis\/","url":"https:\/\/assessoria13.com\/ca\/altres-serveis\/","name":"ALTRES SERVEIS - Assessoria tretze","isPartOf":{"@id":"https:\/\/assessoria13.com\/ca\/#website"},"datePublished":"2023-08-24T12:22:50+00:00","dateModified":"2023-12-07T13:53:19+00:00","breadcrumb":{"@id":"https:\/\/assessoria13.com\/ca\/altres-serveis\/#breadcrumb"},"inLanguage":"ca","potentialAction":[{"@type":"ReadAction","target":["https:\/\/assessoria13.com\/ca\/altres-serveis\/"]}]},{"@type":"BreadcrumbList","@id":"https:\/\/assessoria13.com\/ca\/altres-serveis\/#breadcrumb","itemListElement":[{"@type":"ListItem","position":1,"name":"Home","item":"https:\/\/assessoria13.com\/ca\/"},{"@type":"ListItem","position":2,"name":"ALTRES SERVEIS"}]},{"@type":"WebSite","@id":"https:\/\/assessoria13.com\/ca\/#website","url":"https:\/\/assessoria13.com\/ca\/","name":"Assessoria tretze","description":"Assessoria tretze","publisher":{"@id":"https:\/\/assessoria13.com\/ca\/#\/schema\/person\/3aa5719aa40a9ee87e0d4004b95430af"},"potentialAction":[{"@type":"SearchAction","target":{"@type":"EntryPoint","urlTemplate":"https:\/\/assessoria13.com\/ca\/?s={search_term_string}"},"query-input":"required name=search_term_string"}],"inLanguage":"ca"},{"@type":["Person","Organization"],"@id":"https:\/\/assessoria13.com\/ca\/#\/schema\/person\/3aa5719aa40a9ee87e0d4004b95430af","name":"admin","image":{"@type":"ImageObject","inLanguage":"ca","@id":"https:\/\/assessoria13.com\/ca\/#\/schema\/person\/image\/","url":"https:\/\/assessoria13.com\/wp-content\/uploads\/2023\/08\/logo-mare-pozitiv-transp.png","contentUrl":"https:\/\/assessoria13.com\/wp-content\/uploads\/2023\/08\/logo-mare-pozitiv-transp.png","width":735,"height":700,"caption":"admin"},"logo":{"@id":"https:\/\/assessoria13.com\/ca\/#\/schema\/person\/image\/"},"sameAs":["https:\/\/assessoria13.com"]}]}},"_links":{"self":[{"href":"https:\/\/assessoria13.com\/ca\/wp-json\/wp\/v2\/pages\/1271"}],"collection":[{"href":"https:\/\/assessoria13.com\/ca\/wp-json\/wp\/v2\/pages"}],"about":[{"href":"https:\/\/assessoria13.com\/ca\/wp-json\/wp\/v2\/types\/page"}],"author":[{"embeddable":true,"href":"https:\/\/assessoria13.com\/ca\/wp-json\/wp\/v2\/users\/1"}],"replies":[{"embeddable":true,"href":"https:\/\/assessoria13.com\/ca\/wp-json\/wp\/v2\/comments?post=1271"}],"version-history":[{"count":1,"href":"https:\/\/assessoria13.com\/ca\/wp-json\/wp\/v2\/pages\/1271\/revisions"}],"predecessor-version":[{"id":1272,"href":"https:\/\/assessoria13.com\/ca\/wp-json\/wp\/v2\/pages\/1271\/revisions\/1272"}],"wp:attachment":[{"href":"https:\/\/assessoria13.com\/ca\/wp-json\/wp\/v2\/media?parent=1271"}],"curies":[{"name":"wp","href":"https:\/\/api.w.org\/{rel}","templated":true}]}}