{"id":1283,"date":"2023-08-24T14:00:12","date_gmt":"2023-08-24T12:00:12","guid":{"rendered":"https:\/\/assessoria13.com\/serveis-per-a-autonoms\/"},"modified":"2023-12-07T14:54:47","modified_gmt":"2023-12-07T12:54:47","slug":"serveis-per-a-autonoms","status":"publish","type":"page","link":"https:\/\/assessoria13.com\/ca\/serveis-per-a-autonoms\/","title":{"rendered":"SERVEIS PER A AUT\u00d2NOMS"},"content":{"rendered":"\n<div id=\"wp-block-themeisle-blocks-advanced-columns-8f423455\" class=\"wp-block-themeisle-blocks-advanced-columns has-3-columns has-desktop-equal-layout has-tablet-equal-layout has-mobile-collapsedRows-layout has-vertical-unset animated bounce delay-1s\"><div class=\"wp-block-themeisle-blocks-advanced-columns-overlay\"><\/div><div class=\"innerblocks-wrap\">\n<div id=\"wp-block-themeisle-blocks-advanced-column-e3424046\" class=\"wp-block-themeisle-blocks-advanced-column\"><\/div>\n\n\n\n<div id=\"wp-block-themeisle-blocks-advanced-column-2600455d\" class=\"wp-block-themeisle-blocks-advanced-column\"><div class=\"wp-block-image\">\n<figure class=\"aligncenter size-full is-resized\"><img decoding=\"async\" src=\"https:\/\/assessoria13.com\/wp-content\/uploads\/2023\/08\/logo-mare-pozitiv-transp.png\" alt=\"\" class=\"wp-image-385\" style=\"width:400px\" width=\"400\"\/><\/figure><\/div><\/div>\n\n\n\n<div id=\"wp-block-themeisle-blocks-advanced-column-4131a207\" class=\"wp-block-themeisle-blocks-advanced-column\"><\/div>\n<\/div><\/div>\n\n<div id=\"wp-block-themeisle-blocks-advanced-columns-47092f44\" class=\"wp-block-themeisle-blocks-advanced-columns has-1-columns has-desktop-equal-layout has-tablet-equal-layout has-mobile-equal-layout has-vertical-unset\"><div class=\"wp-block-themeisle-blocks-advanced-columns-overlay\"><\/div><div class=\"innerblocks-wrap\">\n<div id=\"wp-block-themeisle-blocks-advanced-column-f04001c7\" class=\"wp-block-themeisle-blocks-advanced-column\">\n<div id=\"wp-block-themeisle-blocks-advanced-columns-faddaeef\" class=\"wp-block-themeisle-blocks-advanced-columns has-3-columns has-desktop-equal-layout has-tablet-equal-layout has-mobile-collapsedRows-layout has-vertical-unset\"><div class=\"wp-block-themeisle-blocks-advanced-columns-overlay\"><\/div><div class=\"innerblocks-wrap\">\n<div id=\"wp-block-themeisle-blocks-advanced-column-bcadf465\" class=\"wp-block-themeisle-blocks-advanced-column\"><\/div>\n\n\n\n<div id=\"wp-block-themeisle-blocks-advanced-column-480380d3\" class=\"wp-block-themeisle-blocks-advanced-column\">\n<div id=\"wp-block-themeisle-blocks-advanced-columns-66a7b3f5\" class=\"wp-block-themeisle-blocks-advanced-columns has-1-columns has-desktop-equal-layout has-tablet-equal-layout has-mobile-equal-layout has-vertical-unset\"><div class=\"wp-block-themeisle-blocks-advanced-columns-overlay\"><\/div><div class=\"innerblocks-wrap\">\n<div id=\"wp-block-themeisle-blocks-advanced-column-fd1127a9\" class=\"wp-block-themeisle-blocks-advanced-column\">\n<h2 id=\"wp-block-themeisle-blocks-advanced-heading-86abdfee\" class=\"wp-block-themeisle-blocks-advanced-heading wp-block-themeisle-blocks-advanced-heading-86abdfee\">SERVEIS PER A AUT\u00d2NOMS<\/h2>\n\n\n\n<h3 id=\"wp-block-themeisle-blocks-advanced-heading-d0aa10ab\" class=\"wp-block-themeisle-blocks-advanced-heading wp-block-themeisle-blocks-advanced-heading-d0aa10ab\">Assessoria integral per a aut\u00f2noms:<\/h3>\n\n\n\n<div id=\"wp-block-themeisle-blocks-advanced-columns-fbe8c047\" class=\"wp-block-themeisle-blocks-advanced-columns has-2-columns has-desktop-equal-layout has-tablet-equal-layout has-mobile-collapsedRows-layout has-vertical-unset\"><div class=\"wp-block-themeisle-blocks-advanced-columns-overlay\"><\/div><div class=\"innerblocks-wrap\">\n<div id=\"wp-block-themeisle-blocks-advanced-column-4fe935f1\" class=\"wp-block-themeisle-blocks-advanced-column\">\n<ul class=\"checkmark-ul\">\n<li>Assessorament fiscal integral.<\/li>\n\n\n\n<li>Alta de l&#8217;activitat a l&#8217;Ag\u00e8ncia Tribut\u00e0ria.<\/li>\n\n\n\n<li>Alta al R\u00e8gim Especial de Treballadors Aut\u00f2noms de la Seguretat Social.<\/li>\n\n\n\n<li>Activitat en estimaci\u00f3 objectiva (m\u00f2duls).<\/li>\n\n\n\n<li>Activitat en estimaci\u00f3 directa simplificada i normal.<\/li>\n\n\n\n<li>Declaracions, mensuals, trimestrals i anuals.<\/li>\n\n\n\n<li>Llibres Registres d\u00b4IVA.<\/li>\n\n\n\n<li>Declaraci\u00f3 de la Renda (IRPF).<\/li>\n\n\n\n<li>Declaracions d&#8217;IVA<\/li>\n<\/ul>\n<\/div>\n\n\n\n<div id=\"wp-block-themeisle-blocks-advanced-column-814daa56\" class=\"wp-block-themeisle-blocks-advanced-column\">\n<ul class=\"checkmark-ul\">\n<li>Constituci\u00f3 de societats civils particulars.<\/li>\n\n\n\n<li>Altes, baixes, n\u00f2mines, liquidacions i assegurances socials.<\/li>\n\n\n\n<li>Assist\u00e8ncia t\u00e8cnica davant de la inspecci\u00f3 d&#8217;hisenda.<\/li>\n\n\n\n<li>Reclamacions i recursos davant de l&#8217;administraci\u00f3.<\/li>\n<\/ul>\n\n\n\n<p class=\"has-neve-link-color-color has-text-color\"><strong><em>Truca&#8217;ns i demana cita al 604.990.100 o <a href=\"https:\/\/assessoria13.com\/contacto\/\" data-type=\"page\" data-id=\"737\">PREM AQUI<\/a><\/em><\/strong><\/p>\n\n\n\n<div class=\"wp-block-buttons is-layout-flex wp-block-buttons-is-layout-flex\">\n<div class=\"wp-block-button is-style-primary\"><a class=\"wp-block-button__link has-nv-text-dark-bg-color has-neve-link-color-background-color has-text-color has-background wp-element-button\" href=\"https:\/\/assessoria13.com\/contacto\/\"><strong><strong><strong>VULL OBTENIR EL MEU PRESSUPOST<\/strong><\/strong><\/strong><\/a><\/div>\n<\/div>\n<\/div>\n<\/div><\/div>\n\n\n\n<div id=\"wp-block-themeisle-blocks-advanced-columns-66eec34b\" class=\"wp-block-themeisle-blocks-advanced-columns has-1-columns has-desktop-equal-layout has-tablet-equal-layout has-mobile-equal-layout has-vertical-unset\"><div class=\"wp-block-themeisle-blocks-advanced-columns-overlay\"><\/div><div class=\"innerblocks-wrap\">\n<div id=\"wp-block-themeisle-blocks-advanced-column-d41dca82\" class=\"wp-block-themeisle-blocks-advanced-column\"><\/div>\n<\/div><\/div>\n<\/div>\n<\/div><\/div>\n<\/div>\n\n\n\n<div id=\"wp-block-themeisle-blocks-advanced-column-6d030dd6\" class=\"wp-block-themeisle-blocks-advanced-column\"><\/div>\n<\/div><\/div>\n<\/div>\n<\/div><\/div>\n\n<div id=\"wp-block-themeisle-blocks-advanced-columns-79701b38\" class=\"wp-block-themeisle-blocks-advanced-columns alignfull has-1-columns has-desktop-equal-layout has-tablet-equal-layout has-mobile-equal-layout has-vertical-unset has-light-bg\"><div class=\"wp-block-themeisle-blocks-advanced-columns-overlay\"><\/div><div class=\"innerblocks-wrap\">\n<div id=\"wp-block-themeisle-blocks-advanced-column-9692b003\" class=\"wp-block-themeisle-blocks-advanced-column\">\n<div id=\"wp-block-themeisle-blocks-advanced-columns-4a28e9ad\" class=\"wp-block-themeisle-blocks-advanced-columns has-3-columns has-desktop-oneThreeOne-layout has-tablet-equal-layout has-mobile-collapsedRows-layout has-vertical-unset\"><div class=\"wp-block-themeisle-blocks-advanced-columns-overlay\"><\/div><div class=\"innerblocks-wrap\">\n<div id=\"wp-block-themeisle-blocks-advanced-column-bcdb66f4\" class=\"wp-block-themeisle-blocks-advanced-column\"><\/div>\n\n\n\n<div id=\"wp-block-themeisle-blocks-advanced-column-357763ad\" class=\"wp-block-themeisle-blocks-advanced-column\">\n<div id=\"wp-block-themeisle-blocks-advanced-columns-9c9b8acd\" class=\"wp-block-themeisle-blocks-advanced-columns has-1-columns has-desktop-equal-layout has-tablet-equal-layout has-mobile-equal-layout has-vertical-unset\"><div class=\"wp-block-themeisle-blocks-advanced-columns-overlay\"><\/div><div class=\"innerblocks-wrap\">\n<div id=\"wp-block-themeisle-blocks-advanced-column-7af0e6b5\" class=\"wp-block-themeisle-blocks-advanced-column\">\n<div id=\"wp-block-themeisle-blocks-advanced-columns-ddc3e69c\" class=\"wp-block-themeisle-blocks-advanced-columns has-2-columns has-desktop-equal-layout has-tablet-equal-layout has-mobile-collapsedRows-layout has-vertical-unset\"><div class=\"wp-block-themeisle-blocks-advanced-columns-overlay\"><\/div><div class=\"innerblocks-wrap\">\n<div id=\"wp-block-themeisle-blocks-advanced-column-7fe2a250\" class=\"wp-block-themeisle-blocks-advanced-column\">\n<div class=\"wp-block-group is-content-justification-center is-nowrap is-layout-flex wp-container-core-group-layout-1 wp-block-group-is-layout-flex\">\n<figure class=\"wp-block-image size-full is-resized\"><img decoding=\"async\" src=\"https:\/\/assessoria13.com\/wp-content\/uploads\/2023\/08\/logo-mare-pozitiv-transp.png\" alt=\"\" class=\"wp-image-385\" style=\"width:300px;height:undefinedpx\"\/><\/figure>\n<\/div>\n<\/div>\n\n\n\n<div id=\"wp-block-themeisle-blocks-advanced-column-77bcef24\" class=\"wp-block-themeisle-blocks-advanced-column\">\n<h2 id=\"wp-block-themeisle-blocks-advanced-heading-50029c54\" class=\"wp-block-themeisle-blocks-advanced-heading wp-block-themeisle-blocks-advanced-heading-50029c54\">Assessorament<\/h2>\n\n\n\n<h3 id=\"wp-block-themeisle-blocks-advanced-heading-d76644f5\" class=\"wp-block-themeisle-blocks-advanced-heading wp-block-themeisle-blocks-advanced-heading-d76644f5\">Fiscal, laboral, comptable i financer<\/h3>\n\n\n\n<div class=\"wp-block-group has-neve-link-color-color has-text-color is-content-justification-left is-nowrap is-layout-flex wp-container-core-group-layout-2 wp-block-group-is-layout-flex\">\n<div id=\"wp-block-themeisle-blocks-font-awesome-icons-bba3a85a\" class=\"wp-block-themeisle-blocks-font-awesome-icons\"><span class=\"wp-block-themeisle-blocks-font-awesome-icons-container nan-padding\"><i class=\"fab fa-instagram\"><\/i><\/span><\/div>\n\n\n\n<span id=\"wp-block-themeisle-blocks-advanced-heading-f432de2a\" class=\"wp-block-themeisle-blocks-advanced-heading wp-block-themeisle-blocks-advanced-heading-f432de2a\"><a href=\"https:\/\/www.instagram.com\/assessoria__13\/?igshid=OGQ5ZDc2ODk2ZA%3D%3D\">assessoria_13<\/a><\/span>\n<\/div>\n\n\n\n<div style=\"height:25px\" aria-hidden=\"true\" class=\"wp-block-spacer\"><\/div>\n\n\n\n<div class=\"wp-block-group has-neve-link-color-color has-text-color is-content-justification-left is-nowrap is-layout-flex wp-container-core-group-layout-3 wp-block-group-is-layout-flex\">\n<div id=\"wp-block-themeisle-blocks-font-awesome-icons-21ad45b2\" class=\"wp-block-themeisle-blocks-font-awesome-icons\"><span class=\"wp-block-themeisle-blocks-font-awesome-icons-container nan-padding\"><i class=\"fas fa-phone-alt\"><\/i><\/span><\/div>\n\n\n\n<span id=\"wp-block-themeisle-blocks-advanced-heading-f6ec8cb6\" class=\"wp-block-themeisle-blocks-advanced-heading wp-block-themeisle-blocks-advanced-heading-f6ec8cb6\"><a href=\"tel:+34%20604%20990%20100\">+34 604 990 100<\/a><\/span>\n<\/div>\n\n\n\n<div style=\"height:25px\" aria-hidden=\"true\" class=\"wp-block-spacer\"><\/div>\n\n\n\n<div class=\"wp-block-group has-neve-link-color-color has-text-color is-content-justification-left is-nowrap is-layout-flex wp-container-core-group-layout-4 wp-block-group-is-layout-flex\">\n<div id=\"wp-block-themeisle-blocks-font-awesome-icons-6cf7cbea\" class=\"wp-block-themeisle-blocks-font-awesome-icons\"><span class=\"wp-block-themeisle-blocks-font-awesome-icons-container nan-padding\"><a href=\"mailto:info@assessoria13.com\" target=\"_self\" rel=\"noopener noreferrer\"><i class=\"fas fa-envelope\"><\/i><\/a><\/span><\/div>\n\n\n\n<span id=\"wp-block-themeisle-blocks-advanced-heading-76a43c5d\" class=\"wp-block-themeisle-blocks-advanced-heading wp-block-themeisle-blocks-advanced-heading-76a43c5d\"><a href=\"mailto:info@assessoria13.com\">info@assessoria13.com<\/a><\/span>\n<\/div>\n\n\n\n<div style=\"height:25px\" aria-hidden=\"true\" class=\"wp-block-spacer\"><\/div>\n<\/div>\n<\/div><\/div>\n<\/div>\n<\/div><\/div>\n<\/div>\n\n\n\n<div id=\"wp-block-themeisle-blocks-advanced-column-415bbf36\" class=\"wp-block-themeisle-blocks-advanced-column\"><\/div>\n<\/div><\/div>\n<\/div>\n<\/div><\/div>\n","protected":false},"excerpt":{"rendered":"","protected":false},"author":1,"featured_media":0,"parent":0,"menu_order":0,"comment_status":"closed","ping_status":"closed","template":"","meta":{"neve_meta_sidebar":"","neve_meta_container":"","neve_meta_enable_content_width":"","neve_meta_content_width":0,"neve_meta_title_alignment":"","neve_meta_author_avatar":"","neve_post_elements_order":"","neve_meta_disable_header":"","neve_meta_disable_footer":"","neve_meta_disable_title":"on","_themeisle_gutenberg_block_has_review":false,"_ti_tpc_template_sync":false,"_ti_tpc_template_id":"","footnotes":""},"yoast_head":"<!-- This site is optimized with the Yoast SEO plugin v21.6 - https:\/\/yoast.com\/wordpress\/plugins\/seo\/ -->\n<title>SERVEIS PER A AUT\u00d2NOMS - Assessoria tretze<\/title>\n<meta name=\"robots\" content=\"index, follow, max-snippet:-1, max-image-preview:large, max-video-preview:-1\" \/>\n<link rel=\"canonical\" href=\"https:\/\/assessoria13.com\/ca\/serveis-per-a-autonoms\/\" \/>\n<meta property=\"og:locale\" content=\"ca_ES\" \/>\n<meta property=\"og:type\" content=\"article\" \/>\n<meta property=\"og:title\" content=\"SERVEIS PER A AUT\u00d2NOMS - Assessoria tretze\" \/>\n<meta property=\"og:url\" content=\"https:\/\/assessoria13.com\/ca\/serveis-per-a-autonoms\/\" \/>\n<meta property=\"og:site_name\" content=\"Assessoria tretze\" \/>\n<meta property=\"article:modified_time\" content=\"2023-12-07T12:54:47+00:00\" \/>\n<meta name=\"twitter:card\" content=\"summary_large_image\" \/>\n<meta name=\"twitter:label1\" content=\"Temps estimat de lectura\" \/>\n\t<meta name=\"twitter:data1\" content=\"1 minut\" \/>\n<script type=\"application\/ld+json\" class=\"yoast-schema-graph\">{\"@context\":\"https:\/\/schema.org\",\"@graph\":[{\"@type\":\"WebPage\",\"@id\":\"https:\/\/assessoria13.com\/ca\/serveis-per-a-autonoms\/\",\"url\":\"https:\/\/assessoria13.com\/ca\/serveis-per-a-autonoms\/\",\"name\":\"SERVEIS PER A AUT\u00d2NOMS - Assessoria tretze\",\"isPartOf\":{\"@id\":\"https:\/\/assessoria13.com\/ca\/#website\"},\"datePublished\":\"2023-08-24T12:00:12+00:00\",\"dateModified\":\"2023-12-07T12:54:47+00:00\",\"breadcrumb\":{\"@id\":\"https:\/\/assessoria13.com\/ca\/serveis-per-a-autonoms\/#breadcrumb\"},\"inLanguage\":\"ca\",\"potentialAction\":[{\"@type\":\"ReadAction\",\"target\":[\"https:\/\/assessoria13.com\/ca\/serveis-per-a-autonoms\/\"]}]},{\"@type\":\"BreadcrumbList\",\"@id\":\"https:\/\/assessoria13.com\/ca\/serveis-per-a-autonoms\/#breadcrumb\",\"itemListElement\":[{\"@type\":\"ListItem\",\"position\":1,\"name\":\"Home\",\"item\":\"https:\/\/assessoria13.com\/ca\/\"},{\"@type\":\"ListItem\",\"position\":2,\"name\":\"SERVEIS PER A AUT\u00d2NOMS\"}]},{\"@type\":\"WebSite\",\"@id\":\"https:\/\/assessoria13.com\/ca\/#website\",\"url\":\"https:\/\/assessoria13.com\/ca\/\",\"name\":\"Assessoria tretze\",\"description\":\"Assessoria tretze\",\"publisher\":{\"@id\":\"https:\/\/assessoria13.com\/ca\/#\/schema\/person\/3aa5719aa40a9ee87e0d4004b95430af\"},\"potentialAction\":[{\"@type\":\"SearchAction\",\"target\":{\"@type\":\"EntryPoint\",\"urlTemplate\":\"https:\/\/assessoria13.com\/ca\/?s={search_term_string}\"},\"query-input\":\"required name=search_term_string\"}],\"inLanguage\":\"ca\"},{\"@type\":[\"Person\",\"Organization\"],\"@id\":\"https:\/\/assessoria13.com\/ca\/#\/schema\/person\/3aa5719aa40a9ee87e0d4004b95430af\",\"name\":\"admin\",\"image\":{\"@type\":\"ImageObject\",\"inLanguage\":\"ca\",\"@id\":\"https:\/\/assessoria13.com\/ca\/#\/schema\/person\/image\/\",\"url\":\"https:\/\/assessoria13.com\/wp-content\/uploads\/2023\/08\/logo-mare-pozitiv-transp.png\",\"contentUrl\":\"https:\/\/assessoria13.com\/wp-content\/uploads\/2023\/08\/logo-mare-pozitiv-transp.png\",\"width\":735,\"height\":700,\"caption\":\"admin\"},\"logo\":{\"@id\":\"https:\/\/assessoria13.com\/ca\/#\/schema\/person\/image\/\"},\"sameAs\":[\"https:\/\/assessoria13.com\"]}]}<\/script>\n<!-- \/ Yoast SEO plugin. -->","yoast_head_json":{"title":"SERVEIS PER A AUT\u00d2NOMS - Assessoria tretze","robots":{"index":"index","follow":"follow","max-snippet":"max-snippet:-1","max-image-preview":"max-image-preview:large","max-video-preview":"max-video-preview:-1"},"canonical":"https:\/\/assessoria13.com\/ca\/serveis-per-a-autonoms\/","og_locale":"ca_ES","og_type":"article","og_title":"SERVEIS PER A AUT\u00d2NOMS - Assessoria tretze","og_url":"https:\/\/assessoria13.com\/ca\/serveis-per-a-autonoms\/","og_site_name":"Assessoria tretze","article_modified_time":"2023-12-07T12:54:47+00:00","twitter_card":"summary_large_image","twitter_misc":{"Temps estimat de lectura":"1 minut"},"schema":{"@context":"https:\/\/schema.org","@graph":[{"@type":"WebPage","@id":"https:\/\/assessoria13.com\/ca\/serveis-per-a-autonoms\/","url":"https:\/\/assessoria13.com\/ca\/serveis-per-a-autonoms\/","name":"SERVEIS PER A AUT\u00d2NOMS - Assessoria tretze","isPartOf":{"@id":"https:\/\/assessoria13.com\/ca\/#website"},"datePublished":"2023-08-24T12:00:12+00:00","dateModified":"2023-12-07T12:54:47+00:00","breadcrumb":{"@id":"https:\/\/assessoria13.com\/ca\/serveis-per-a-autonoms\/#breadcrumb"},"inLanguage":"ca","potentialAction":[{"@type":"ReadAction","target":["https:\/\/assessoria13.com\/ca\/serveis-per-a-autonoms\/"]}]},{"@type":"BreadcrumbList","@id":"https:\/\/assessoria13.com\/ca\/serveis-per-a-autonoms\/#breadcrumb","itemListElement":[{"@type":"ListItem","position":1,"name":"Home","item":"https:\/\/assessoria13.com\/ca\/"},{"@type":"ListItem","position":2,"name":"SERVEIS PER A AUT\u00d2NOMS"}]},{"@type":"WebSite","@id":"https:\/\/assessoria13.com\/ca\/#website","url":"https:\/\/assessoria13.com\/ca\/","name":"Assessoria tretze","description":"Assessoria tretze","publisher":{"@id":"https:\/\/assessoria13.com\/ca\/#\/schema\/person\/3aa5719aa40a9ee87e0d4004b95430af"},"potentialAction":[{"@type":"SearchAction","target":{"@type":"EntryPoint","urlTemplate":"https:\/\/assessoria13.com\/ca\/?s={search_term_string}"},"query-input":"required name=search_term_string"}],"inLanguage":"ca"},{"@type":["Person","Organization"],"@id":"https:\/\/assessoria13.com\/ca\/#\/schema\/person\/3aa5719aa40a9ee87e0d4004b95430af","name":"admin","image":{"@type":"ImageObject","inLanguage":"ca","@id":"https:\/\/assessoria13.com\/ca\/#\/schema\/person\/image\/","url":"https:\/\/assessoria13.com\/wp-content\/uploads\/2023\/08\/logo-mare-pozitiv-transp.png","contentUrl":"https:\/\/assessoria13.com\/wp-content\/uploads\/2023\/08\/logo-mare-pozitiv-transp.png","width":735,"height":700,"caption":"admin"},"logo":{"@id":"https:\/\/assessoria13.com\/ca\/#\/schema\/person\/image\/"},"sameAs":["https:\/\/assessoria13.com"]}]}},"_links":{"self":[{"href":"https:\/\/assessoria13.com\/ca\/wp-json\/wp\/v2\/pages\/1283"}],"collection":[{"href":"https:\/\/assessoria13.com\/ca\/wp-json\/wp\/v2\/pages"}],"about":[{"href":"https:\/\/assessoria13.com\/ca\/wp-json\/wp\/v2\/types\/page"}],"author":[{"embeddable":true,"href":"https:\/\/assessoria13.com\/ca\/wp-json\/wp\/v2\/users\/1"}],"replies":[{"embeddable":true,"href":"https:\/\/assessoria13.com\/ca\/wp-json\/wp\/v2\/comments?post=1283"}],"version-history":[{"count":4,"href":"https:\/\/assessoria13.com\/ca\/wp-json\/wp\/v2\/pages\/1283\/revisions"}],"predecessor-version":[{"id":1287,"href":"https:\/\/assessoria13.com\/ca\/wp-json\/wp\/v2\/pages\/1283\/revisions\/1287"}],"wp:attachment":[{"href":"https:\/\/assessoria13.com\/ca\/wp-json\/wp\/v2\/media?parent=1283"}],"curies":[{"name":"wp","href":"https:\/\/api.w.org\/{rel}","templated":true}]}}