{"id":1289,"date":"2023-08-23T12:26:52","date_gmt":"2023-08-23T10:26:52","guid":{"rendered":"https:\/\/assessoria13.com\/serveis-per-a-empreses\/"},"modified":"2023-12-07T15:04:56","modified_gmt":"2023-12-07T13:04:56","slug":"serveis-per-a-empreses","status":"publish","type":"page","link":"https:\/\/assessoria13.com\/ca\/serveis-per-a-empreses\/","title":{"rendered":"SERVEIS PER A EMPRESES"},"content":{"rendered":"\n<div id=\"wp-block-themeisle-blocks-advanced-columns-8f423455\" class=\"wp-block-themeisle-blocks-advanced-columns has-3-columns has-desktop-equal-layout has-tablet-equal-layout has-mobile-collapsedRows-layout has-vertical-unset animated bounce delay-1s\"><div class=\"wp-block-themeisle-blocks-advanced-columns-overlay\"><\/div><div class=\"innerblocks-wrap\">\n<div id=\"wp-block-themeisle-blocks-advanced-column-e3424046\" class=\"wp-block-themeisle-blocks-advanced-column\"><\/div>\n\n\n\n<div id=\"wp-block-themeisle-blocks-advanced-column-2600455d\" class=\"wp-block-themeisle-blocks-advanced-column\"><div class=\"wp-block-image\">\n<figure class=\"aligncenter size-full is-resized\"><img decoding=\"async\" src=\"https:\/\/assessoria13.com\/wp-content\/uploads\/2023\/08\/logo-mare-pozitiv-transp.png\" alt=\"\" class=\"wp-image-385\" style=\"width:400px\" width=\"400\"\/><\/figure><\/div><\/div>\n\n\n\n<div id=\"wp-block-themeisle-blocks-advanced-column-4131a207\" class=\"wp-block-themeisle-blocks-advanced-column\"><\/div>\n<\/div><\/div>\n\n<div id=\"wp-block-themeisle-blocks-advanced-columns-47092f44\" class=\"wp-block-themeisle-blocks-advanced-columns has-1-columns has-desktop-equal-layout has-tablet-equal-layout has-mobile-equal-layout has-vertical-unset\"><div class=\"wp-block-themeisle-blocks-advanced-columns-overlay\"><\/div><div class=\"innerblocks-wrap\">\n<div id=\"wp-block-themeisle-blocks-advanced-column-f04001c7\" class=\"wp-block-themeisle-blocks-advanced-column\">\n<div id=\"wp-block-themeisle-blocks-advanced-columns-faddaeef\" class=\"wp-block-themeisle-blocks-advanced-columns has-3-columns has-desktop-equal-layout has-tablet-equal-layout has-mobile-collapsedRows-layout has-vertical-unset\"><div class=\"wp-block-themeisle-blocks-advanced-columns-overlay\"><\/div><div class=\"innerblocks-wrap\">\n<div id=\"wp-block-themeisle-blocks-advanced-column-bcadf465\" class=\"wp-block-themeisle-blocks-advanced-column\"><\/div>\n\n\n\n<div id=\"wp-block-themeisle-blocks-advanced-column-480380d3\" class=\"wp-block-themeisle-blocks-advanced-column\">\n<div id=\"wp-block-themeisle-blocks-advanced-columns-66a7b3f5\" class=\"wp-block-themeisle-blocks-advanced-columns has-1-columns has-desktop-equal-layout has-tablet-equal-layout has-mobile-equal-layout has-vertical-unset\"><div class=\"wp-block-themeisle-blocks-advanced-columns-overlay\"><\/div><div class=\"innerblocks-wrap\">\n<div id=\"wp-block-themeisle-blocks-advanced-column-fd1127a9\" class=\"wp-block-themeisle-blocks-advanced-column\">\n<h2 id=\"wp-block-themeisle-blocks-advanced-heading-86abdfee\" class=\"wp-block-themeisle-blocks-advanced-heading wp-block-themeisle-blocks-advanced-heading-86abdfee\">SERVEIS PER A EMPRESES<\/h2>\n\n\n\n<h3 id=\"wp-block-themeisle-blocks-advanced-heading-d0aa10ab\" class=\"wp-block-themeisle-blocks-advanced-heading wp-block-themeisle-blocks-advanced-heading-d0aa10ab\"><strong>Assessorament fiscal, laboral i comptable per a empreses:<\/strong><\/h3>\n\n\n\n<div id=\"wp-block-themeisle-blocks-advanced-columns-66eec34b\" class=\"wp-block-themeisle-blocks-advanced-columns has-1-columns has-desktop-equal-layout has-tablet-equal-layout has-mobile-equal-layout has-vertical-unset\"><div class=\"wp-block-themeisle-blocks-advanced-columns-overlay\"><\/div><div class=\"innerblocks-wrap\">\n<div id=\"wp-block-themeisle-blocks-advanced-column-d41dca82\" class=\"wp-block-themeisle-blocks-advanced-column\">\n<ul class=\"checkmark-ul\">\n<li><strong>Constituci\u00f3 de societats:<\/strong> obtenci\u00f3 de denominaci\u00f3 social al Registre Mercantil, elaboraci\u00f3 i redacci\u00f3 d&#8217;estatuts, tr\u00e0mits amb Not\u00e0ria, gesti\u00f3 integral d&#8217;alta a Hisenda i dels socis a la Seguretat Social, sol\u00b7licitud de CIF i assessorament inicial al teu negoci<\/li>\n\n\n\n<li>Mecanitzaci\u00f3 inform\u00e0tica mensual dels assentaments comptables generats per l&#8217;activitat empresarial, factures emeses, factures rebudes, despeses i moviments bancaris, sobre la base del Pla General Contable vigent a cada moment.<\/li>\n\n\n\n<li>Confecci\u00f3 i tramitaci\u00f3 dels impostos trimestrals dIVA, IRPF i retencions. Models 303-111-115-123 -130<\/li>\n\n\n\n<li>Confecci\u00f3 i tramitaci\u00f3 dels resums anuals dIVA, IRPF i retencions aix\u00ed com la declaraci\u00f3 anual doperacions amb tercers. Models 390-190-180-347.<\/li>\n\n\n\n<li>Estudi, confecci\u00f3 i tramitaci\u00f3 de l&#8217;impost de societats, model 200 i dels tres pagaments a compte, model 202.<\/li>\n\n\n\n<li>C\u00e0lcul i realitzaci\u00f3 de les Amortitzacions anuals i de les Regularitzacions anteriors al Tancament Comptable Anual.<\/li>\n\n\n\n<li>Confecci\u00f3 dels Comptes Anuals i Mem\u00f2ria i inscripci\u00f3 al Registre Mercantil (Balan\u00e7os de Situaci\u00f3 i de P\u00e8rdues i Guanys, Mem\u00f2ria, Certificat de Junta).<\/li>\n\n\n\n<li>Confecci\u00f3 dels llibres comptables i inscripci\u00f3 al Registre Mercantil.<\/li>\n\n\n\n<li>Confecci\u00f3 d&#8217;informes comptables amb Balan\u00e7os de Situaci\u00f3 i P\u00e8rdues i Guanys per a bancs i\/o prove\u00efdors.<\/li>\n\n\n\n<li>Contestaci\u00f3 de les notificacions telem\u00e0tiques realitzades per lAg\u00e8ncia Tribut\u00e0ria.<\/li>\n\n\n\n<li>Informes trimestrals de la situaci\u00f3 de lempresa.<\/li>\n\n\n\n<li>Realitzaci\u00f3 de qualsevol tr\u00e0mit telem\u00e0tic davant de l&#8217;Ag\u00e8ncia Tribut\u00e0ria.<\/li>\n<\/ul>\n<\/div>\n<\/div><\/div>\n<\/div>\n<\/div><\/div>\n<\/div>\n\n\n\n<div id=\"wp-block-themeisle-blocks-advanced-column-6d030dd6\" class=\"wp-block-themeisle-blocks-advanced-column\"><\/div>\n<\/div><\/div>\n<\/div>\n<\/div><\/div>\n\n<div id=\"wp-block-themeisle-blocks-advanced-columns-a415f128\" class=\"wp-block-themeisle-blocks-advanced-columns alignfull has-1-columns has-desktop-equal-layout has-tablet-equal-layout has-mobile-equal-layout has-vertical-unset has-light-bg\"><div class=\"wp-block-themeisle-blocks-advanced-columns-overlay\"><\/div><div class=\"innerblocks-wrap\">\n<div id=\"wp-block-themeisle-blocks-advanced-column-398a3ee0\" class=\"wp-block-themeisle-blocks-advanced-column\">\n<div id=\"wp-block-themeisle-blocks-advanced-columns-e7a11288\" class=\"wp-block-themeisle-blocks-advanced-columns has-3-columns has-desktop-equal-layout has-tablet-equal-layout has-mobile-collapsedRows-layout has-vertical-unset\"><div class=\"wp-block-themeisle-blocks-advanced-columns-overlay\"><\/div><div class=\"innerblocks-wrap\">\n<div id=\"wp-block-themeisle-blocks-advanced-column-6c45ae99\" class=\"wp-block-themeisle-blocks-advanced-column\"><\/div>\n\n\n\n<div id=\"wp-block-themeisle-blocks-advanced-column-e5f8b42a\" class=\"wp-block-themeisle-blocks-advanced-column\">\n<div id=\"wp-block-themeisle-blocks-advanced-columns-389b8720\" class=\"wp-block-themeisle-blocks-advanced-columns has-2-columns has-desktop-equal-layout has-tablet-equal-layout has-mobile-collapsedRows-layout has-vertical-unset\"><div class=\"wp-block-themeisle-blocks-advanced-columns-overlay\"><\/div><div class=\"innerblocks-wrap\">\n<div id=\"wp-block-themeisle-blocks-advanced-column-56736445\" class=\"wp-block-themeisle-blocks-advanced-column\">\n<ul class=\"checkmark-ul\">\n<li>Gesti\u00f3 de documentaci\u00f3 fiscal.<\/li>\n\n\n\n<li>Declaraci\u00f3 de la renda.<\/li>\n\n\n\n<li>Assist\u00e8ncia t\u00e8cnica davant de la inspecci\u00f3 d&#8217;Hisenda.<\/li>\n\n\n\n<li>Reclamacions i recursos davant de l&#8217;administraci\u00f3.<\/li>\n\n\n\n<li>Estudis sobre fiscalitat espec\u00edfica d&#8217;activitats i situacions especials.<\/li>\n\n\n\n<li>Obertura i tancaments d\u00b4empreses.<\/li>\n\n\n\n<li>Llibres de registre de factures emeses i rebudes.<\/li>\n\n\n\n<li>Comptes anuals: balan\u00e7 de situaci\u00f3, compte de p\u00e8rdues, estat de canvis al patrimoni net, fluxos d&#8217;efectiu i guanys, mem\u00f2ria i certificaci\u00f3 de l&#8217;acord de la junta.<\/li>\n\n\n\n<li>Preparaci\u00f3 i dip\u00f2sit dels comptes anuals al Registre Mercantil.<\/li>\n\n\n\n<li>Assessorament general.<\/li>\n<\/ul>\n<\/div>\n\n\n\n<div id=\"wp-block-themeisle-blocks-advanced-column-ed15b697\" class=\"wp-block-themeisle-blocks-advanced-column\">\n<ul class=\"checkmark-ul\">\n<li>Confecci\u00f3 de n\u00f2mines i assegurances socials.<\/li>\n\n\n\n<li>Contractes dels treballadors.<\/li>\n\n\n\n<li>Liquidacions.<\/li>\n\n\n\n<li>Comunicaci\u00f3 d&#8217;alta, baixa i variaci\u00f3 de dades dels treballadors.<\/li>\n\n\n\n<li>Confecci\u00f3 de carta IRPF mensual (model 111).<\/li>\n\n\n\n<li>Confecci\u00f3 resum anual IRPF (model 190).<\/li>\n\n\n\n<li>Certificat renda de treballadors.<\/li>\n\n\n\n<li>Certificat renda familiar (model 145).<\/li>\n\n\n\n<li>Confecci\u00f3 de liquidacions, m\u00e9s indemnitzaci\u00f3, si escau, i tramitaci\u00f3 de les corresponents baixes davant la Seguretat Social, aix\u00ed com la tramitaci\u00f3 dels certificats d&#8217;empresa.<\/li>\n\n\n\n<li>Sol\u00b7licitar i tramitar els certificats anuals d&#8217;estar al corrent de pagament amb la TGSS (Tresoreria General de la Seguretat Social)<\/li>\n\n\n\n<li>Confecci\u00f3 i tramitaci\u00f3 de certificats d&#8217;empresa.<\/li>\n\n\n\n<li>Gesti\u00f3 i tramitaci\u00f3 de capitalitzaci\u00f3 de la prestaci\u00f3 per desocupaci\u00f3.[\/i]<\/li>\n\n\n\n<li>Estudi, c\u00e0lculs i tramitaci\u00f3 dexpedients de jubilaci\u00f3, vidu\u00eftat, orfandat, invalidesa, etc.<\/li>\n<\/ul>\n<\/div>\n<\/div><\/div>\n<\/div>\n\n\n\n<div id=\"wp-block-themeisle-blocks-advanced-column-b65538c1\" class=\"wp-block-themeisle-blocks-advanced-column\"><\/div>\n<\/div><\/div>\n<\/div>\n<\/div><\/div>\n\n<div id=\"wp-block-themeisle-blocks-advanced-columns-60f056c9\" class=\"wp-block-themeisle-blocks-advanced-columns has-1-columns has-desktop-equal-layout has-tablet-equal-layout has-mobile-equal-layout has-vertical-unset\"><div class=\"wp-block-themeisle-blocks-advanced-columns-overlay\"><\/div><div class=\"innerblocks-wrap\">\n<div id=\"wp-block-themeisle-blocks-advanced-column-1079a216\" class=\"wp-block-themeisle-blocks-advanced-column\">\n<div id=\"wp-block-themeisle-blocks-advanced-columns-036db18a\" class=\"wp-block-themeisle-blocks-advanced-columns has-3-columns has-desktop-equal-layout has-tablet-equal-layout has-mobile-collapsedRows-layout has-vertical-unset\"><div class=\"wp-block-themeisle-blocks-advanced-columns-overlay\"><\/div><div class=\"innerblocks-wrap\">\n<div id=\"wp-block-themeisle-blocks-advanced-column-fddf75a0\" class=\"wp-block-themeisle-blocks-advanced-column\"><\/div>\n\n\n\n<div id=\"wp-block-themeisle-blocks-advanced-column-f4ee74f6\" class=\"wp-block-themeisle-blocks-advanced-column\">\n<div id=\"wp-block-themeisle-blocks-advanced-columns-f1813748\" class=\"wp-block-themeisle-blocks-advanced-columns has-1-columns has-desktop-equal-layout has-tablet-equal-layout has-mobile-equal-layout has-vertical-unset\"><div class=\"wp-block-themeisle-blocks-advanced-columns-overlay\"><\/div><div class=\"innerblocks-wrap\">\n<div id=\"wp-block-themeisle-blocks-advanced-column-0740f708\" class=\"wp-block-themeisle-blocks-advanced-column\">\n<div id=\"wp-block-themeisle-blocks-advanced-columns-dc5b4a95\" class=\"wp-block-themeisle-blocks-advanced-columns has-1-columns has-desktop-equal-layout has-tablet-equal-layout has-mobile-equal-layout has-vertical-unset\"><div class=\"wp-block-themeisle-blocks-advanced-columns-overlay\"><\/div><div class=\"innerblocks-wrap\">\n<div id=\"wp-block-themeisle-blocks-advanced-column-a6c411b7\" class=\"wp-block-themeisle-blocks-advanced-column\">\n<ul class=\"checkmark-ul\">\n<li>Presentaci\u00f3 de parts de baixes i altes de malaltia comuna i accident de treball i comunicaci\u00f3 a la m\u00fatua.<\/li>\n\n\n\n<li>Escrits de sancions i amonestaci\u00f3 al treballador.<\/li>\n\n\n\n<li>Assessorament relatiu a l\u00e0mbit dorganitzaci\u00f3 de lempresa.<\/li>\n\n\n\n<li>Assist\u00e8ncia als actes de conciliaci\u00f3, jutjats socials i inspeccions de treball.<\/li>\n\n\n\n<li>Afiliaci\u00f3 de treballadors aut\u00f2noms<\/li>\n<\/ul>\n\n\n\n<p class=\"has-neve-link-color-color has-text-color\"><strong><em>Truca&#8217;ns i demana cita al 604.990.100 o <a href=\"https:\/\/assessoria13.com\/contacto\/\" data-type=\"page\" data-id=\"737\">PREM AQUI<\/a><\/em><\/strong><\/p>\n\n\n\n<div class=\"wp-block-buttons is-layout-flex wp-block-buttons-is-layout-flex\">\n<div class=\"wp-block-button is-style-primary\"><a class=\"wp-block-button__link has-nv-text-dark-bg-color has-neve-link-color-background-color has-text-color has-background wp-element-button\" href=\"https:\/\/assessoria13.com\/contacto\/\"><strong><strong><strong>VULL OBTENIR EL MEU PRESSUPOST<\/strong><\/strong><\/strong><\/a><\/div>\n<\/div>\n<\/div>\n<\/div><\/div>\n<\/div>\n<\/div><\/div>\n<\/div>\n\n\n\n<div id=\"wp-block-themeisle-blocks-advanced-column-d6c3eb04\" class=\"wp-block-themeisle-blocks-advanced-column\"><\/div>\n<\/div><\/div>\n<\/div>\n<\/div><\/div>\n\n<div id=\"wp-block-themeisle-blocks-advanced-columns-79701b38\" class=\"wp-block-themeisle-blocks-advanced-columns alignfull has-1-columns has-desktop-equal-layout has-tablet-equal-layout has-mobile-equal-layout has-vertical-unset has-light-bg\"><div class=\"wp-block-themeisle-blocks-advanced-columns-overlay\"><\/div><div class=\"innerblocks-wrap\">\n<div id=\"wp-block-themeisle-blocks-advanced-column-9692b003\" class=\"wp-block-themeisle-blocks-advanced-column\">\n<div id=\"wp-block-themeisle-blocks-advanced-columns-4a28e9ad\" class=\"wp-block-themeisle-blocks-advanced-columns has-3-columns has-desktop-oneThreeOne-layout has-tablet-equal-layout has-mobile-collapsedRows-layout has-vertical-unset\"><div class=\"wp-block-themeisle-blocks-advanced-columns-overlay\"><\/div><div class=\"innerblocks-wrap\">\n<div id=\"wp-block-themeisle-blocks-advanced-column-bcdb66f4\" class=\"wp-block-themeisle-blocks-advanced-column\"><\/div>\n\n\n\n<div id=\"wp-block-themeisle-blocks-advanced-column-357763ad\" class=\"wp-block-themeisle-blocks-advanced-column\">\n<div id=\"wp-block-themeisle-blocks-advanced-columns-9c9b8acd\" class=\"wp-block-themeisle-blocks-advanced-columns has-1-columns has-desktop-equal-layout has-tablet-equal-layout has-mobile-equal-layout has-vertical-unset\"><div class=\"wp-block-themeisle-blocks-advanced-columns-overlay\"><\/div><div class=\"innerblocks-wrap\">\n<div id=\"wp-block-themeisle-blocks-advanced-column-7af0e6b5\" class=\"wp-block-themeisle-blocks-advanced-column\">\n<div id=\"wp-block-themeisle-blocks-advanced-columns-ddc3e69c\" class=\"wp-block-themeisle-blocks-advanced-columns has-2-columns has-desktop-equal-layout has-tablet-equal-layout has-mobile-collapsedRows-layout has-vertical-unset\"><div class=\"wp-block-themeisle-blocks-advanced-columns-overlay\"><\/div><div class=\"innerblocks-wrap\">\n<div id=\"wp-block-themeisle-blocks-advanced-column-7fe2a250\" class=\"wp-block-themeisle-blocks-advanced-column\">\n<div class=\"wp-block-group is-content-justification-center is-nowrap is-layout-flex wp-container-core-group-layout-1 wp-block-group-is-layout-flex\">\n<figure class=\"wp-block-image size-full is-resized\"><img decoding=\"async\" src=\"https:\/\/assessoria13.com\/wp-content\/uploads\/2023\/08\/logo-mare-pozitiv-transp.png\" alt=\"\" class=\"wp-image-385\" style=\"width:300px;height:undefinedpx\"\/><\/figure>\n<\/div>\n<\/div>\n\n\n\n<div id=\"wp-block-themeisle-blocks-advanced-column-77bcef24\" class=\"wp-block-themeisle-blocks-advanced-column\">\n<h2 id=\"wp-block-themeisle-blocks-advanced-heading-50029c54\" class=\"wp-block-themeisle-blocks-advanced-heading wp-block-themeisle-blocks-advanced-heading-50029c54\">Assessorament<\/h2>\n\n\n\n<h3 id=\"wp-block-themeisle-blocks-advanced-heading-d76644f5\" class=\"wp-block-themeisle-blocks-advanced-heading wp-block-themeisle-blocks-advanced-heading-d76644f5\">Fiscal, laboral, comptable i financer<\/h3>\n\n\n\n<div class=\"wp-block-group has-neve-link-color-color has-text-color is-content-justification-left is-nowrap is-layout-flex wp-container-core-group-layout-2 wp-block-group-is-layout-flex\">\n<div id=\"wp-block-themeisle-blocks-font-awesome-icons-bba3a85a\" class=\"wp-block-themeisle-blocks-font-awesome-icons\"><span class=\"wp-block-themeisle-blocks-font-awesome-icons-container nan-padding\"><i class=\"fab fa-instagram\"><\/i><\/span><\/div>\n\n\n\n<span id=\"wp-block-themeisle-blocks-advanced-heading-f432de2a\" class=\"wp-block-themeisle-blocks-advanced-heading wp-block-themeisle-blocks-advanced-heading-f432de2a\"><a href=\"https:\/\/www.instagram.com\/assessoria__13\/?igshid=OGQ5ZDc2ODk2ZA%3D%3D\">assessoria_13<\/a><\/span>\n<\/div>\n\n\n\n<div style=\"height:25px\" aria-hidden=\"true\" class=\"wp-block-spacer\"><\/div>\n\n\n\n<div class=\"wp-block-group has-neve-link-color-color has-text-color is-content-justification-left is-nowrap is-layout-flex wp-container-core-group-layout-3 wp-block-group-is-layout-flex\">\n<div id=\"wp-block-themeisle-blocks-font-awesome-icons-21ad45b2\" class=\"wp-block-themeisle-blocks-font-awesome-icons\"><span class=\"wp-block-themeisle-blocks-font-awesome-icons-container nan-padding\"><i class=\"fas fa-phone-alt\"><\/i><\/span><\/div>\n\n\n\n<span id=\"wp-block-themeisle-blocks-advanced-heading-f6ec8cb6\" class=\"wp-block-themeisle-blocks-advanced-heading wp-block-themeisle-blocks-advanced-heading-f6ec8cb6\"><a href=\"tel:+34%20604%20990%20100\">+34 604 990 100<\/a><\/span>\n<\/div>\n\n\n\n<div style=\"height:25px\" aria-hidden=\"true\" class=\"wp-block-spacer\"><\/div>\n\n\n\n<div class=\"wp-block-group has-neve-link-color-color has-text-color is-content-justification-left is-nowrap is-layout-flex wp-container-core-group-layout-4 wp-block-group-is-layout-flex\">\n<div id=\"wp-block-themeisle-blocks-font-awesome-icons-6cf7cbea\" class=\"wp-block-themeisle-blocks-font-awesome-icons\"><span class=\"wp-block-themeisle-blocks-font-awesome-icons-container nan-padding\"><a href=\"mailto:info@assessoria13.com\" target=\"_self\" rel=\"noopener noreferrer\"><i class=\"fas fa-envelope\"><\/i><\/a><\/span><\/div>\n\n\n\n<span id=\"wp-block-themeisle-blocks-advanced-heading-76a43c5d\" class=\"wp-block-themeisle-blocks-advanced-heading wp-block-themeisle-blocks-advanced-heading-76a43c5d\"><a href=\"mailto:info@assessoria13.com\">info@assessoria13.com<\/a><\/span>\n<\/div>\n\n\n\n<div style=\"height:25px\" aria-hidden=\"true\" class=\"wp-block-spacer\"><\/div>\n<\/div>\n<\/div><\/div>\n<\/div>\n<\/div><\/div>\n<\/div>\n\n\n\n<div id=\"wp-block-themeisle-blocks-advanced-column-415bbf36\" class=\"wp-block-themeisle-blocks-advanced-column\"><\/div>\n<\/div><\/div>\n<\/div>\n<\/div><\/div>\n","protected":false},"excerpt":{"rendered":"","protected":false},"author":1,"featured_media":0,"parent":0,"menu_order":0,"comment_status":"closed","ping_status":"closed","template":"","meta":{"neve_meta_sidebar":"","neve_meta_container":"","neve_meta_enable_content_width":"","neve_meta_content_width":0,"neve_meta_title_alignment":"","neve_meta_author_avatar":"","neve_post_elements_order":"","neve_meta_disable_header":"","neve_meta_disable_footer":"","neve_meta_disable_title":"on","_themeisle_gutenberg_block_has_review":false,"_ti_tpc_template_sync":false,"_ti_tpc_template_id":"","footnotes":""},"yoast_head":"<!-- This site is optimized with the Yoast SEO plugin v21.6 - https:\/\/yoast.com\/wordpress\/plugins\/seo\/ -->\n<title>SERVEIS PER A EMPRESES - Assessoria tretze<\/title>\n<meta name=\"robots\" content=\"index, follow, max-snippet:-1, max-image-preview:large, max-video-preview:-1\" \/>\n<link rel=\"canonical\" href=\"https:\/\/assessoria13.com\/ca\/serveis-per-a-empreses\/\" \/>\n<meta property=\"og:locale\" content=\"ca_ES\" \/>\n<meta property=\"og:type\" content=\"article\" \/>\n<meta property=\"og:title\" content=\"SERVEIS PER A EMPRESES - Assessoria tretze\" \/>\n<meta property=\"og:url\" content=\"https:\/\/assessoria13.com\/ca\/serveis-per-a-empreses\/\" \/>\n<meta property=\"og:site_name\" content=\"Assessoria tretze\" \/>\n<meta property=\"article:modified_time\" content=\"2023-12-07T13:04:56+00:00\" \/>\n<meta name=\"twitter:card\" content=\"summary_large_image\" \/>\n<meta name=\"twitter:label1\" content=\"Temps estimat de lectura\" \/>\n\t<meta name=\"twitter:data1\" content=\"3 minuts\" \/>\n<script type=\"application\/ld+json\" class=\"yoast-schema-graph\">{\"@context\":\"https:\/\/schema.org\",\"@graph\":[{\"@type\":\"WebPage\",\"@id\":\"https:\/\/assessoria13.com\/ca\/serveis-per-a-empreses\/\",\"url\":\"https:\/\/assessoria13.com\/ca\/serveis-per-a-empreses\/\",\"name\":\"SERVEIS PER A EMPRESES - Assessoria tretze\",\"isPartOf\":{\"@id\":\"https:\/\/assessoria13.com\/ca\/#website\"},\"datePublished\":\"2023-08-23T10:26:52+00:00\",\"dateModified\":\"2023-12-07T13:04:56+00:00\",\"breadcrumb\":{\"@id\":\"https:\/\/assessoria13.com\/ca\/serveis-per-a-empreses\/#breadcrumb\"},\"inLanguage\":\"ca\",\"potentialAction\":[{\"@type\":\"ReadAction\",\"target\":[\"https:\/\/assessoria13.com\/ca\/serveis-per-a-empreses\/\"]}]},{\"@type\":\"BreadcrumbList\",\"@id\":\"https:\/\/assessoria13.com\/ca\/serveis-per-a-empreses\/#breadcrumb\",\"itemListElement\":[{\"@type\":\"ListItem\",\"position\":1,\"name\":\"Home\",\"item\":\"https:\/\/assessoria13.com\/ca\/\"},{\"@type\":\"ListItem\",\"position\":2,\"name\":\"SERVEIS PER A EMPRESES\"}]},{\"@type\":\"WebSite\",\"@id\":\"https:\/\/assessoria13.com\/ca\/#website\",\"url\":\"https:\/\/assessoria13.com\/ca\/\",\"name\":\"Assessoria tretze\",\"description\":\"Assessoria tretze\",\"publisher\":{\"@id\":\"https:\/\/assessoria13.com\/ca\/#\/schema\/person\/3aa5719aa40a9ee87e0d4004b95430af\"},\"potentialAction\":[{\"@type\":\"SearchAction\",\"target\":{\"@type\":\"EntryPoint\",\"urlTemplate\":\"https:\/\/assessoria13.com\/ca\/?s={search_term_string}\"},\"query-input\":\"required name=search_term_string\"}],\"inLanguage\":\"ca\"},{\"@type\":[\"Person\",\"Organization\"],\"@id\":\"https:\/\/assessoria13.com\/ca\/#\/schema\/person\/3aa5719aa40a9ee87e0d4004b95430af\",\"name\":\"admin\",\"image\":{\"@type\":\"ImageObject\",\"inLanguage\":\"ca\",\"@id\":\"https:\/\/assessoria13.com\/ca\/#\/schema\/person\/image\/\",\"url\":\"https:\/\/assessoria13.com\/wp-content\/uploads\/2023\/08\/logo-mare-pozitiv-transp.png\",\"contentUrl\":\"https:\/\/assessoria13.com\/wp-content\/uploads\/2023\/08\/logo-mare-pozitiv-transp.png\",\"width\":735,\"height\":700,\"caption\":\"admin\"},\"logo\":{\"@id\":\"https:\/\/assessoria13.com\/ca\/#\/schema\/person\/image\/\"},\"sameAs\":[\"https:\/\/assessoria13.com\"]}]}<\/script>\n<!-- \/ Yoast SEO plugin. -->","yoast_head_json":{"title":"SERVEIS PER A EMPRESES - Assessoria tretze","robots":{"index":"index","follow":"follow","max-snippet":"max-snippet:-1","max-image-preview":"max-image-preview:large","max-video-preview":"max-video-preview:-1"},"canonical":"https:\/\/assessoria13.com\/ca\/serveis-per-a-empreses\/","og_locale":"ca_ES","og_type":"article","og_title":"SERVEIS PER A EMPRESES - Assessoria tretze","og_url":"https:\/\/assessoria13.com\/ca\/serveis-per-a-empreses\/","og_site_name":"Assessoria tretze","article_modified_time":"2023-12-07T13:04:56+00:00","twitter_card":"summary_large_image","twitter_misc":{"Temps estimat de lectura":"3 minuts"},"schema":{"@context":"https:\/\/schema.org","@graph":[{"@type":"WebPage","@id":"https:\/\/assessoria13.com\/ca\/serveis-per-a-empreses\/","url":"https:\/\/assessoria13.com\/ca\/serveis-per-a-empreses\/","name":"SERVEIS PER A EMPRESES - Assessoria tretze","isPartOf":{"@id":"https:\/\/assessoria13.com\/ca\/#website"},"datePublished":"2023-08-23T10:26:52+00:00","dateModified":"2023-12-07T13:04:56+00:00","breadcrumb":{"@id":"https:\/\/assessoria13.com\/ca\/serveis-per-a-empreses\/#breadcrumb"},"inLanguage":"ca","potentialAction":[{"@type":"ReadAction","target":["https:\/\/assessoria13.com\/ca\/serveis-per-a-empreses\/"]}]},{"@type":"BreadcrumbList","@id":"https:\/\/assessoria13.com\/ca\/serveis-per-a-empreses\/#breadcrumb","itemListElement":[{"@type":"ListItem","position":1,"name":"Home","item":"https:\/\/assessoria13.com\/ca\/"},{"@type":"ListItem","position":2,"name":"SERVEIS PER A EMPRESES"}]},{"@type":"WebSite","@id":"https:\/\/assessoria13.com\/ca\/#website","url":"https:\/\/assessoria13.com\/ca\/","name":"Assessoria tretze","description":"Assessoria tretze","publisher":{"@id":"https:\/\/assessoria13.com\/ca\/#\/schema\/person\/3aa5719aa40a9ee87e0d4004b95430af"},"potentialAction":[{"@type":"SearchAction","target":{"@type":"EntryPoint","urlTemplate":"https:\/\/assessoria13.com\/ca\/?s={search_term_string}"},"query-input":"required name=search_term_string"}],"inLanguage":"ca"},{"@type":["Person","Organization"],"@id":"https:\/\/assessoria13.com\/ca\/#\/schema\/person\/3aa5719aa40a9ee87e0d4004b95430af","name":"admin","image":{"@type":"ImageObject","inLanguage":"ca","@id":"https:\/\/assessoria13.com\/ca\/#\/schema\/person\/image\/","url":"https:\/\/assessoria13.com\/wp-content\/uploads\/2023\/08\/logo-mare-pozitiv-transp.png","contentUrl":"https:\/\/assessoria13.com\/wp-content\/uploads\/2023\/08\/logo-mare-pozitiv-transp.png","width":735,"height":700,"caption":"admin"},"logo":{"@id":"https:\/\/assessoria13.com\/ca\/#\/schema\/person\/image\/"},"sameAs":["https:\/\/assessoria13.com"]}]}},"_links":{"self":[{"href":"https:\/\/assessoria13.com\/ca\/wp-json\/wp\/v2\/pages\/1289"}],"collection":[{"href":"https:\/\/assessoria13.com\/ca\/wp-json\/wp\/v2\/pages"}],"about":[{"href":"https:\/\/assessoria13.com\/ca\/wp-json\/wp\/v2\/types\/page"}],"author":[{"embeddable":true,"href":"https:\/\/assessoria13.com\/ca\/wp-json\/wp\/v2\/users\/1"}],"replies":[{"embeddable":true,"href":"https:\/\/assessoria13.com\/ca\/wp-json\/wp\/v2\/comments?post=1289"}],"version-history":[{"count":4,"href":"https:\/\/assessoria13.com\/ca\/wp-json\/wp\/v2\/pages\/1289\/revisions"}],"predecessor-version":[{"id":1294,"href":"https:\/\/assessoria13.com\/ca\/wp-json\/wp\/v2\/pages\/1289\/revisions\/1294"}],"wp:attachment":[{"href":"https:\/\/assessoria13.com\/ca\/wp-json\/wp\/v2\/media?parent=1289"}],"curies":[{"name":"wp","href":"https:\/\/api.w.org\/{rel}","templated":true}]}}